{"id":245,"date":"2020-10-26T11:11:27","date_gmt":"2020-10-26T11:11:27","guid":{"rendered":"http:\/\/vozdacrianca.cv\/wp\/?page_id=245"},"modified":"2022-01-21T11:10:15","modified_gmt":"2022-01-21T11:10:15","slug":"santo-antao","status":"publish","type":"page","link":"https:\/\/vozdacrianca.cv\/de_de\/santo-antao\/","title":{"rendered":"SANTO ANTAO"},"content":{"rendered":"<div data-elementor-type=\"wp-page\" data-elementor-id=\"245\" class=\"elementor elementor-245\" data-elementor-settings=\"[]\">\n\t\t\t\t\t\t<div class=\"elementor-inner\">\n\t\t\t\t\t\t\t<div class=\"elementor-section-wrap\">\n\t\t\t\t\t\t\t<section class=\"elementor-section elementor-top-section elementor-element elementor-element-8090832 elementor-section-full_width elementor-section-height-min-height elementor-section-stretched elementor-section-height-default elementor-section-items-middle\" data-id=\"8090832\" data-element_type=\"section\" data-settings=\"{&quot;stretch_section&quot;:&quot;section-stretched&quot;,&quot;background_background&quot;:&quot;classic&quot;,&quot;shape_divider_bottom&quot;:&quot;clouds&quot;,&quot;shape_divider_bottom_negative&quot;:&quot;yes&quot;}\">\n\t\t\t\t\t\t\t<div class=\"elementor-background-overlay\"><\/div>\n\t\t\t\t\t\t<div class=\"elementor-shape elementor-shape-bottom\" data-negative=\"true\">\n\t\t\t<svg xmlns=\"http:\/\/www.w3.org\/2000\/svg\" viewbox=\"0 0 283.5 27.8\" preserveaspectratio=\"xMidYMax slice\">\n\t<path class=\"elementor-shape-fill\" d=\"M265.8 3.5c-10.9 0-15.9 6.2-15.9 6.2s-3.6-3.5-9.2-.9c-9.1 4.1-4.4 13.4-4.4 13.4s-1.2.2-1.9.9c-.6.7-.5 1.9-.5 1.9s-1-.5-2.3-.2c-1.3.3-1.6 1.4-1.6 1.4s.4-3.4-1.5-5c-3.9-3.4-8.3-.2-8.3-.2s-.6-.7-.9-.9c-.4-.2-1.2-.2-1.2-.2s-4.4-3.6-11.5-2.6-10.4 7.9-10.4 7.9-.5-3.3-3.9-4.9c-4.8-2.4-7.4 0-7.4 0s2.4-4.1-1.9-6.4-6.2 1.2-6.2 1.2-.9-.5-2.1-.5-2.3 1.1-2.3 1.1.1-.7-1.1-1.1c-1.2-.4-2 0-2 0s3.6-6.8-3.5-8.9c-6-1.8-7.9 2.6-8.4 4-.1-.3-.4-.7-.9-1.1-1-.7-1.3-.5-1.3-.5s1-4-1.7-5.2c-2.7-1.2-4.2 1.1-4.2 1.1s-3.1-1-5.7 1.4-2.1 5.5-2.1 5.5-.9 0-2.1.7-1.4 1.7-1.4 1.7-1.7-1.2-4.3-1.2c-2.6 0-4.5 1.2-4.5 1.2s-.7-1.5-2.8-2.4c-2.1-.9-4 0-4 0s2.6-5.9-4.7-9c-7.3-3.1-12.6 3.3-12.6 3.3s-.9 0-1.9.2c-.9.2-1.5.9-1.5.9S99.4 3 94.9 3.9c-4.5.9-5.7 5.7-5.7 5.7s-2.8-5-12.3-3.9-11.1 6-11.1 6-1.2-1.4-4-.7c-.8.2-1.3.5-1.8.9-.9-2.1-2.7-4.9-6.2-4.4-3.2.4-4 2.2-4 2.2s-.5-.7-1.2-.7h-1.4s-.5-.9-1.7-1.4-2.4 0-2.4 0-2.4-1.2-4.7 0-3.1 4.1-3.1 4.1-1.7-1.4-3.6-.7c-1.9.7-1.9 2.8-1.9 2.8s-.5-.5-1.7-.2c-1.2.2-1.4.7-1.4.7s-.7-2.3-2.8-2.8c-2.1-.5-4.3.2-4.3.2s-1.7-5-11.1-6c-3.8-.4-6.6.2-8.5 1v21.2h283.5V11.1c-.9.2-1.6.4-1.6.4s-5.2-8-16.1-8z\"\/>\n<\/svg>\n\t\t<\/div>\n\t\t\t\t\t<div class=\"elementor-container elementor-column-gap-default\">\n\t\t\t\t\t\t\t<div class=\"elementor-row\">\n\t\t\t\t\t<div class=\"elementor-column elementor-col-25 elementor-top-column elementor-element elementor-element-4fd5d88\" data-id=\"4fd5d88\" data-element_type=\"column\">\n\t\t\t<div class=\"elementor-column-wrap\">\n\t\t\t\t\t\t\t<div class=\"elementor-widget-wrap\">\n\t\t\t\t\t\t\t\t<\/div>\n\t\t\t\t\t<\/div>\n\t\t<\/div>\n\t\t\t\t<div class=\"elementor-column elementor-col-25 elementor-top-column elementor-element elementor-element-352ff1f\" data-id=\"352ff1f\" data-element_type=\"column\">\n\t\t\t<div class=\"elementor-column-wrap elementor-element-populated\">\n\t\t\t\t\t\t\t<div class=\"elementor-widget-wrap\">\n\t\t\t\t\t\t<div class=\"elementor-element elementor-element-da69db4 elementor-invisible elementor-widget elementor-widget-image\" data-id=\"da69db4\" data-element_type=\"widget\" data-settings=\"{&quot;_animation&quot;:&quot;bounce&quot;}\" data-widget_type=\"image.default\">\n\t\t\t\t<div class=\"elementor-widget-container\">\n\t\t\t\t\t<div class=\"elementor-image\">\n\t\t\t\t\t\t\t\t\t\t<img loading=\"lazy\" decoding=\"async\" width=\"1217\" height=\"336\" src=\"https:\/\/vozdacrianca.cv\/wp-content\/uploads\/2021\/02\/FPImage_Titulo-PT-1.png\" class=\"elementor-animation-grow attachment-full size-full\" alt=\"\" srcset=\"https:\/\/vozdacrianca.cv\/wp-content\/uploads\/2021\/02\/FPImage_Titulo-PT-1.png 1217w, https:\/\/vozdacrianca.cv\/wp-content\/uploads\/2021\/02\/FPImage_Titulo-PT-1-300x83.png 300w, https:\/\/vozdacrianca.cv\/wp-content\/uploads\/2021\/02\/FPImage_Titulo-PT-1-1024x283.png 1024w, https:\/\/vozdacrianca.cv\/wp-content\/uploads\/2021\/02\/FPImage_Titulo-PT-1-768x212.png 768w, https:\/\/vozdacrianca.cv\/wp-content\/uploads\/2021\/02\/FPImage_Titulo-PT-1-16x4.png 16w, https:\/\/vozdacrianca.cv\/wp-content\/uploads\/2021\/02\/FPImage_Titulo-PT-1-24x7.png 24w, https:\/\/vozdacrianca.cv\/wp-content\/uploads\/2021\/02\/FPImage_Titulo-PT-1-36x10.png 36w, https:\/\/vozdacrianca.cv\/wp-content\/uploads\/2021\/02\/FPImage_Titulo-PT-1-48x13.png 48w\" sizes=\"auto, (max-width: 1217px) 100vw, 1217px\" \/>\t\t\t\t\t\t\t\t\t\t\t<\/div>\n\t\t\t\t<\/div>\n\t\t\t\t<\/div>\n\t\t\t\t\t\t<\/div>\n\t\t\t\t\t<\/div>\n\t\t<\/div>\n\t\t\t\t<div class=\"elementor-column elementor-col-25 elementor-top-column elementor-element elementor-element-924d6cf\" data-id=\"924d6cf\" data-element_type=\"column\">\n\t\t\t<div class=\"elementor-column-wrap\">\n\t\t\t\t\t\t\t<div class=\"elementor-widget-wrap\">\n\t\t\t\t\t\t\t\t<\/div>\n\t\t\t\t\t<\/div>\n\t\t<\/div>\n\t\t\t\t<div class=\"elementor-column elementor-col-25 elementor-top-column elementor-element elementor-element-b60963f\" data-id=\"b60963f\" data-element_type=\"column\">\n\t\t\t<div class=\"elementor-column-wrap elementor-element-populated\">\n\t\t\t\t\t\t\t<div class=\"elementor-widget-wrap\">\n\t\t\t\t\t\t<div class=\"elementor-element elementor-element-72baf2a elementor-invisible elementor-widget elementor-widget-image\" data-id=\"72baf2a\" data-element_type=\"widget\" data-settings=\"{&quot;_animation&quot;:&quot;bounce&quot;}\" data-widget_type=\"image.default\">\n\t\t\t\t<div class=\"elementor-widget-container\">\n\t\t\t\t\t<div class=\"elementor-image\">\n\t\t\t\t\t\t\t\t\t\t<img loading=\"lazy\" decoding=\"async\" width=\"820\" height=\"118\" src=\"https:\/\/vozdacrianca.cv\/wp-content\/uploads\/2021\/02\/FPImage_Titulo-PT-2.png\" class=\"elementor-animation-grow attachment-full size-full\" alt=\"\" srcset=\"https:\/\/vozdacrianca.cv\/wp-content\/uploads\/2021\/02\/FPImage_Titulo-PT-2.png 820w, https:\/\/vozdacrianca.cv\/wp-content\/uploads\/2021\/02\/FPImage_Titulo-PT-2-300x43.png 300w, https:\/\/vozdacrianca.cv\/wp-content\/uploads\/2021\/02\/FPImage_Titulo-PT-2-768x111.png 768w, https:\/\/vozdacrianca.cv\/wp-content\/uploads\/2021\/02\/FPImage_Titulo-PT-2-16x2.png 16w, https:\/\/vozdacrianca.cv\/wp-content\/uploads\/2021\/02\/FPImage_Titulo-PT-2-24x3.png 24w, https:\/\/vozdacrianca.cv\/wp-content\/uploads\/2021\/02\/FPImage_Titulo-PT-2-36x5.png 36w, https:\/\/vozdacrianca.cv\/wp-content\/uploads\/2021\/02\/FPImage_Titulo-PT-2-48x7.png 48w\" sizes=\"auto, (max-width: 820px) 100vw, 820px\" \/>\t\t\t\t\t\t\t\t\t\t\t<\/div>\n\t\t\t\t<\/div>\n\t\t\t\t<\/div>\n\t\t\t\t\t\t<\/div>\n\t\t\t\t\t<\/div>\n\t\t<\/div>\n\t\t\t\t\t\t\t\t<\/div>\n\t\t\t\t\t<\/div>\n\t\t<\/section>\n\t\t\t\t<section class=\"elementor-section elementor-top-section elementor-element elementor-element-183ce2f elementor-section-content-middle elementor-section-boxed elementor-section-height-default elementor-section-height-default\" data-id=\"183ce2f\" data-element_type=\"section\">\n\t\t\t\t\t\t<div class=\"elementor-container elementor-column-gap-no\">\n\t\t\t\t\t\t\t<div class=\"elementor-row\">\n\t\t\t\t\t<div class=\"elementor-column elementor-col-33 elementor-top-column elementor-element elementor-element-4087224\" data-id=\"4087224\" data-element_type=\"column\">\n\t\t\t<div class=\"elementor-column-wrap elementor-element-populated\">\n\t\t\t\t\t\t\t<div class=\"elementor-widget-wrap\">\n\t\t\t\t\t\t<div class=\"elementor-element elementor-element-583e3b6 elementor-invisible elementor-widget elementor-widget-heading\" data-id=\"583e3b6\" data-element_type=\"widget\" data-settings=\"{&quot;_animation&quot;:&quot;none&quot;}\" data-widget_type=\"heading.default\">\n\t\t\t\t<div class=\"elementor-widget-container\">\n\t\t\t<h4 class=\"elementor-heading-title elementor-size-medium\">Santo Antao<\/h4>\t\t<\/div>\n\t\t\t\t<\/div>\n\t\t\t\t<div class=\"elementor-element elementor-element-0121423 elementor-widget elementor-widget-text-editor\" data-id=\"0121423\" data-element_type=\"widget\" data-widget_type=\"text-editor.default\">\n\t\t\t\t<div class=\"elementor-widget-container\">\n\t\t\t\t\t<div class=\"elementor-text-editor elementor-clearfix\"><h1><strong><span style=\"color: #0f2d6e;\">wo die \u201eStimme der Kinder\u201c Deine Aufmerksamkeit ben\u00f6tigt<\/span><\/strong><\/h1><\/div>\n\t\t\t\t<\/div>\n\t\t\t\t<\/div>\n\t\t\t\t<div class=\"elementor-element elementor-element-e203137 elementor-widget elementor-widget-text-editor\" data-id=\"e203137\" data-element_type=\"widget\" data-widget_type=\"text-editor.default\">\n\t\t\t\t<div class=\"elementor-widget-container\">\n\t\t\t\t\t<div class=\"elementor-text-editor elementor-clearfix\"><h1><strong><span style=\"color: #0f2d6e;\">.<\/span><\/strong><\/h1><\/div>\n\t\t\t\t<\/div>\n\t\t\t\t<\/div>\n\t\t\t\t\t\t<\/div>\n\t\t\t\t\t<\/div>\n\t\t<\/div>\n\t\t\t\t<div class=\"elementor-column elementor-col-33 elementor-top-column elementor-element elementor-element-45c35c6\" data-id=\"45c35c6\" data-element_type=\"column\">\n\t\t\t<div class=\"elementor-column-wrap elementor-element-populated\">\n\t\t\t\t\t\t\t<div class=\"elementor-widget-wrap\">\n\t\t\t\t\t\t<div class=\"elementor-element elementor-element-1a8cfa8 elementor-widget elementor-widget-image\" data-id=\"1a8cfa8\" data-element_type=\"widget\" data-widget_type=\"image.default\">\n\t\t\t\t<div class=\"elementor-widget-container\">\n\t\t\t\t\t<div class=\"elementor-image\">\n\t\t\t\t\t\t\t\t\t\t<img loading=\"lazy\" decoding=\"async\" width=\"960\" height=\"1024\" src=\"https:\/\/vozdacrianca.cv\/wp-content\/uploads\/2021\/02\/photo5-02-960x1024.jpg\" class=\"elementor-animation-grow attachment-large size-large\" alt=\"\" srcset=\"https:\/\/vozdacrianca.cv\/wp-content\/uploads\/2021\/02\/photo5-02-960x1024.jpg 960w, https:\/\/vozdacrianca.cv\/wp-content\/uploads\/2021\/02\/photo5-02-281x300.jpg 281w, https:\/\/vozdacrianca.cv\/wp-content\/uploads\/2021\/02\/photo5-02-768x820.jpg 768w, https:\/\/vozdacrianca.cv\/wp-content\/uploads\/2021\/02\/photo5-02-11x12.jpg 11w, https:\/\/vozdacrianca.cv\/wp-content\/uploads\/2021\/02\/photo5-02-22x24.jpg 22w, https:\/\/vozdacrianca.cv\/wp-content\/uploads\/2021\/02\/photo5-02-34x36.jpg 34w, https:\/\/vozdacrianca.cv\/wp-content\/uploads\/2021\/02\/photo5-02-45x48.jpg 45w, https:\/\/vozdacrianca.cv\/wp-content\/uploads\/2021\/02\/photo5-02.jpg 1371w\" sizes=\"auto, (max-width: 960px) 100vw, 960px\" \/>\t\t\t\t\t\t\t\t\t\t\t<\/div>\n\t\t\t\t<\/div>\n\t\t\t\t<\/div>\n\t\t\t\t\t\t<\/div>\n\t\t\t\t\t<\/div>\n\t\t<\/div>\n\t\t\t\t<div class=\"elementor-column elementor-col-33 elementor-top-column elementor-element elementor-element-9aba0bc\" data-id=\"9aba0bc\" data-element_type=\"column\">\n\t\t\t<div class=\"elementor-column-wrap elementor-element-populated\">\n\t\t\t\t\t\t\t<div class=\"elementor-widget-wrap\">\n\t\t\t\t\t\t<div class=\"elementor-element elementor-element-60009fc elementor-widget elementor-widget-text-editor\" data-id=\"60009fc\" data-element_type=\"widget\" data-widget_type=\"text-editor.default\">\n\t\t\t\t<div class=\"elementor-widget-container\">\n\t\t\t\t\t<div class=\"elementor-text-editor elementor-clearfix\"><p><strong>Besonders junge Menschen leiden unter einer geradezu grotesken Perspektivlosigkeit, was zu st\u00e4ndig wachsenden Konflikten innerhalb der Familien f\u00fchrt . Zielscheibe dieser Konflikte sind vielfach die Kinder, deren elementare Rechte und deren Wohlbefinden unter die R\u00e4der geraten. Die harten Lebensbedingungen und der st\u00e4ndige Kampf ums \u00dcberleben haben auch die Inselbewohner von Santo Antao in die Ferne getrieben , um dort ihr Gl\u00fcck zu suchen, wo es Arbeit gibt. Zur\u00fcckgeblieben sind meistens die Alten und die Kinder der Emigranten. Sie erleben ein st\u00e4ndiges Auf und Ab von Gef\u00fchlen des schmerzvollen Abschiednehmens und des lange ersehnten Wiedersehens.<\/strong><\/p><\/div>\n\t\t\t\t<\/div>\n\t\t\t\t<\/div>\n\t\t\t\t\t\t<\/div>\n\t\t\t\t\t<\/div>\n\t\t<\/div>\n\t\t\t\t\t\t\t\t<\/div>\n\t\t\t\t\t<\/div>\n\t\t<\/section>\n\t\t\t\t<section class=\"elementor-section elementor-top-section elementor-element elementor-element-dd80ba5 elementor-section-content-middle elementor-section-boxed elementor-section-height-default elementor-section-height-default\" data-id=\"dd80ba5\" data-element_type=\"section\">\n\t\t\t\t\t\t<div class=\"elementor-container elementor-column-gap-no\">\n\t\t\t\t\t\t\t<div class=\"elementor-row\">\n\t\t\t\t\t<div class=\"elementor-column elementor-col-33 elementor-top-column elementor-element elementor-element-8170499\" data-id=\"8170499\" data-element_type=\"column\">\n\t\t\t<div class=\"elementor-column-wrap elementor-element-populated\">\n\t\t\t\t\t\t\t<div class=\"elementor-widget-wrap\">\n\t\t\t\t\t\t<div class=\"elementor-element elementor-element-17d6ba9 elementor-widget elementor-widget-image\" data-id=\"17d6ba9\" data-element_type=\"widget\" data-widget_type=\"image.default\">\n\t\t\t\t<div class=\"elementor-widget-container\">\n\t\t\t\t\t<div class=\"elementor-image\">\n\t\t\t\t\t\t\t\t\t\t<img loading=\"lazy\" decoding=\"async\" width=\"344\" height=\"287\" src=\"https:\/\/vozdacrianca.cv\/wp-content\/uploads\/2022\/01\/voz4.jpg\" class=\"elementor-animation-grow attachment-large size-large\" alt=\"\" srcset=\"https:\/\/vozdacrianca.cv\/wp-content\/uploads\/2022\/01\/voz4.jpg 344w, https:\/\/vozdacrianca.cv\/wp-content\/uploads\/2022\/01\/voz4-300x250.jpg 300w, https:\/\/vozdacrianca.cv\/wp-content\/uploads\/2022\/01\/voz4-14x12.jpg 14w, https:\/\/vozdacrianca.cv\/wp-content\/uploads\/2022\/01\/voz4-24x20.jpg 24w, https:\/\/vozdacrianca.cv\/wp-content\/uploads\/2022\/01\/voz4-36x30.jpg 36w, https:\/\/vozdacrianca.cv\/wp-content\/uploads\/2022\/01\/voz4-48x40.jpg 48w\" sizes=\"auto, (max-width: 344px) 100vw, 344px\" \/>\t\t\t\t\t\t\t\t\t\t\t<\/div>\n\t\t\t\t<\/div>\n\t\t\t\t<\/div>\n\t\t\t\t\t\t<\/div>\n\t\t\t\t\t<\/div>\n\t\t<\/div>\n\t\t\t\t<div class=\"elementor-column elementor-col-33 elementor-top-column elementor-element elementor-element-45ce3ba\" data-id=\"45ce3ba\" data-element_type=\"column\">\n\t\t\t<div class=\"elementor-column-wrap elementor-element-populated\">\n\t\t\t\t\t\t\t<div class=\"elementor-widget-wrap\">\n\t\t\t\t\t\t<div class=\"elementor-element elementor-element-308780c elementor-widget elementor-widget-text-editor\" data-id=\"308780c\" data-element_type=\"widget\" data-widget_type=\"text-editor.default\">\n\t\t\t\t<div class=\"elementor-widget-container\">\n\t\t\t\t\t<div class=\"elementor-text-editor elementor-clearfix\"><p><strong>Santo Antao ist die zweitgr\u00f6\u00dfte Insel des Kapverdischen Archipels. Aufgrund seiner hohen Berge kommt es gerade in den Wintermonaten immer wieder zu Niederschl\u00e4gen, gerade im n\u00f6rdlichen Teil der Insel, der dadurch den Anbau von Agrarprodukten erlaubt. Die Landwirtschaft ist der Haupterwerbszweig der Bev\u00f6lkerung, die gerade in den gr\u00f6\u00dferen Zentren der Inseln mit einer geradezu dramatischen Arbeitslosigkeit k\u00e4mpft.<\/strong><\/p><\/div>\n\t\t\t\t<\/div>\n\t\t\t\t<\/div>\n\t\t\t\t\t\t<\/div>\n\t\t\t\t\t<\/div>\n\t\t<\/div>\n\t\t\t\t<div class=\"elementor-column elementor-col-33 elementor-top-column elementor-element elementor-element-763fa80\" data-id=\"763fa80\" data-element_type=\"column\">\n\t\t\t<div class=\"elementor-column-wrap elementor-element-populated\">\n\t\t\t\t\t\t\t<div class=\"elementor-widget-wrap\">\n\t\t\t\t\t\t<div class=\"elementor-element elementor-element-de4cdf3 elementor-widget elementor-widget-image\" data-id=\"de4cdf3\" data-element_type=\"widget\" data-widget_type=\"image.default\">\n\t\t\t\t<div class=\"elementor-widget-container\">\n\t\t\t\t\t<div class=\"elementor-image\">\n\t\t\t\t\t\t\t\t\t\t<img loading=\"lazy\" decoding=\"async\" width=\"360\" height=\"287\" src=\"https:\/\/vozdacrianca.cv\/wp-content\/uploads\/2022\/01\/voz5.jpg\" class=\"elementor-animation-grow attachment-large size-large\" alt=\"\" srcset=\"https:\/\/vozdacrianca.cv\/wp-content\/uploads\/2022\/01\/voz5.jpg 360w, https:\/\/vozdacrianca.cv\/wp-content\/uploads\/2022\/01\/voz5-300x239.jpg 300w, https:\/\/vozdacrianca.cv\/wp-content\/uploads\/2022\/01\/voz5-15x12.jpg 15w, https:\/\/vozdacrianca.cv\/wp-content\/uploads\/2022\/01\/voz5-24x19.jpg 24w, https:\/\/vozdacrianca.cv\/wp-content\/uploads\/2022\/01\/voz5-36x29.jpg 36w, https:\/\/vozdacrianca.cv\/wp-content\/uploads\/2022\/01\/voz5-48x38.jpg 48w\" sizes=\"auto, (max-width: 360px) 100vw, 360px\" \/>\t\t\t\t\t\t\t\t\t\t\t<\/div>\n\t\t\t\t<\/div>\n\t\t\t\t<\/div>\n\t\t\t\t\t\t<\/div>\n\t\t\t\t\t<\/div>\n\t\t<\/div>\n\t\t\t\t\t\t\t\t<\/div>\n\t\t\t\t\t<\/div>\n\t\t<\/section>\n\t\t\t\t<section class=\"elementor-section elementor-top-section elementor-element elementor-element-15c8c6c elementor-section-stretched elementor-section-boxed elementor-section-height-default elementor-section-height-default\" data-id=\"15c8c6c\" data-element_type=\"section\" data-settings=\"{&quot;stretch_section&quot;:&quot;section-stretched&quot;}\">\n\t\t\t\t\t\t<div class=\"elementor-container elementor-column-gap-no\">\n\t\t\t\t\t\t\t<div class=\"elementor-row\">\n\t\t\t\t\t<div class=\"elementor-column elementor-col-100 elementor-top-column elementor-element elementor-element-9a688a4\" data-id=\"9a688a4\" data-element_type=\"column\">\n\t\t\t<div class=\"elementor-column-wrap elementor-element-populated\">\n\t\t\t\t\t\t\t<div class=\"elementor-widget-wrap\">\n\t\t\t\t\t\t<div class=\"elementor-element elementor-element-b854d66 elementor-widget elementor-widget-image-gallery\" data-id=\"b854d66\" data-element_type=\"widget\" data-widget_type=\"image-gallery.default\">\n\t\t\t\t<div class=\"elementor-widget-container\">\n\t\t\t\t\t<div class=\"elementor-image-gallery\">\n\t\t\t<div id='gallery-1' class='gallery galleryid-245 gallery-columns-3 gallery-size-medium_large'><figure class='gallery-item'>\n\t\t\t<div class='gallery-icon landscape'>\n\t\t\t\t<a data-elementor-open-lightbox=\"yes\" data-elementor-lightbox-slideshow=\"b854d66\" data-elementor-lightbox-title=\"4\" href='https:\/\/vozdacrianca.cv\/wp-content\/uploads\/2020\/10\/4-1.jpg'><img loading=\"lazy\" decoding=\"async\" width=\"768\" height=\"432\" src=\"https:\/\/vozdacrianca.cv\/wp-content\/uploads\/2020\/10\/4-1-768x432.jpg\" class=\"attachment-medium_large size-medium_large\" alt=\"\" srcset=\"https:\/\/vozdacrianca.cv\/wp-content\/uploads\/2020\/10\/4-1-768x432.jpg 768w, https:\/\/vozdacrianca.cv\/wp-content\/uploads\/2020\/10\/4-1-300x169.jpg 300w, https:\/\/vozdacrianca.cv\/wp-content\/uploads\/2020\/10\/4-1-1024x576.jpg 1024w, https:\/\/vozdacrianca.cv\/wp-content\/uploads\/2020\/10\/4-1.jpg 1280w\" sizes=\"auto, (max-width: 768px) 100vw, 768px\" \/><\/a>\n\t\t\t<\/div><\/figure><figure class='gallery-item'>\n\t\t\t<div class='gallery-icon landscape'>\n\t\t\t\t<a data-elementor-open-lightbox=\"yes\" data-elementor-lightbox-slideshow=\"b854d66\" data-elementor-lightbox-title=\"6\" href='https:\/\/vozdacrianca.cv\/wp-content\/uploads\/2020\/10\/6-1.jpg'><img loading=\"lazy\" decoding=\"async\" width=\"768\" height=\"432\" src=\"https:\/\/vozdacrianca.cv\/wp-content\/uploads\/2020\/10\/6-1-768x432.jpg\" class=\"attachment-medium_large size-medium_large\" alt=\"\" srcset=\"https:\/\/vozdacrianca.cv\/wp-content\/uploads\/2020\/10\/6-1-768x432.jpg 768w, https:\/\/vozdacrianca.cv\/wp-content\/uploads\/2020\/10\/6-1-300x169.jpg 300w, https:\/\/vozdacrianca.cv\/wp-content\/uploads\/2020\/10\/6-1-1024x576.jpg 1024w, https:\/\/vozdacrianca.cv\/wp-content\/uploads\/2020\/10\/6-1.jpg 1280w\" sizes=\"auto, (max-width: 768px) 100vw, 768px\" \/><\/a>\n\t\t\t<\/div><\/figure><figure class='gallery-item'>\n\t\t\t<div class='gallery-icon landscape'>\n\t\t\t\t<a data-elementor-open-lightbox=\"yes\" data-elementor-lightbox-slideshow=\"b854d66\" data-elementor-lightbox-title=\"2\" href='https:\/\/vozdacrianca.cv\/wp-content\/uploads\/2020\/10\/2-2.jpg'><img loading=\"lazy\" decoding=\"async\" width=\"768\" height=\"432\" src=\"https:\/\/vozdacrianca.cv\/wp-content\/uploads\/2020\/10\/2-2-768x432.jpg\" class=\"attachment-medium_large size-medium_large\" alt=\"\" srcset=\"https:\/\/vozdacrianca.cv\/wp-content\/uploads\/2020\/10\/2-2-768x432.jpg 768w, https:\/\/vozdacrianca.cv\/wp-content\/uploads\/2020\/10\/2-2-300x169.jpg 300w, https:\/\/vozdacrianca.cv\/wp-content\/uploads\/2020\/10\/2-2-1024x576.jpg 1024w, https:\/\/vozdacrianca.cv\/wp-content\/uploads\/2020\/10\/2-2.jpg 1280w\" sizes=\"auto, (max-width: 768px) 100vw, 768px\" \/><\/a>\n\t\t\t<\/div><\/figure>\n\t\t<\/div>\n\t\t<\/div>\n\t\t\t\t<\/div>\n\t\t\t\t<\/div>\n\t\t\t\t\t\t<\/div>\n\t\t\t\t\t<\/div>\n\t\t<\/div>\n\t\t\t\t\t\t\t\t<\/div>\n\t\t\t\t\t<\/div>\n\t\t<\/section>\n\t\t\t\t<section class=\"elementor-section elementor-top-section elementor-element elementor-element-db0ee05 elementor-section-full_width elementor-section-height-min-height elementor-section-stretched elementor-section-height-default elementor-section-items-middle\" data-id=\"db0ee05\" data-element_type=\"section\" data-settings=\"{&quot;stretch_section&quot;:&quot;section-stretched&quot;,&quot;background_background&quot;:&quot;classic&quot;,&quot;shape_divider_top&quot;:&quot;clouds&quot;,&quot;shape_divider_top_negative&quot;:&quot;yes&quot;}\">\n\t\t\t\t\t<div class=\"elementor-shape elementor-shape-top\" data-negative=\"true\">\n\t\t\t<svg xmlns=\"http:\/\/www.w3.org\/2000\/svg\" viewbox=\"0 0 283.5 27.8\" preserveaspectratio=\"xMidYMax slice\">\n\t<path class=\"elementor-shape-fill\" d=\"M265.8 3.5c-10.9 0-15.9 6.2-15.9 6.2s-3.6-3.5-9.2-.9c-9.1 4.1-4.4 13.4-4.4 13.4s-1.2.2-1.9.9c-.6.7-.5 1.9-.5 1.9s-1-.5-2.3-.2c-1.3.3-1.6 1.4-1.6 1.4s.4-3.4-1.5-5c-3.9-3.4-8.3-.2-8.3-.2s-.6-.7-.9-.9c-.4-.2-1.2-.2-1.2-.2s-4.4-3.6-11.5-2.6-10.4 7.9-10.4 7.9-.5-3.3-3.9-4.9c-4.8-2.4-7.4 0-7.4 0s2.4-4.1-1.9-6.4-6.2 1.2-6.2 1.2-.9-.5-2.1-.5-2.3 1.1-2.3 1.1.1-.7-1.1-1.1c-1.2-.4-2 0-2 0s3.6-6.8-3.5-8.9c-6-1.8-7.9 2.6-8.4 4-.1-.3-.4-.7-.9-1.1-1-.7-1.3-.5-1.3-.5s1-4-1.7-5.2c-2.7-1.2-4.2 1.1-4.2 1.1s-3.1-1-5.7 1.4-2.1 5.5-2.1 5.5-.9 0-2.1.7-1.4 1.7-1.4 1.7-1.7-1.2-4.3-1.2c-2.6 0-4.5 1.2-4.5 1.2s-.7-1.5-2.8-2.4c-2.1-.9-4 0-4 0s2.6-5.9-4.7-9c-7.3-3.1-12.6 3.3-12.6 3.3s-.9 0-1.9.2c-.9.2-1.5.9-1.5.9S99.4 3 94.9 3.9c-4.5.9-5.7 5.7-5.7 5.7s-2.8-5-12.3-3.9-11.1 6-11.1 6-1.2-1.4-4-.7c-.8.2-1.3.5-1.8.9-.9-2.1-2.7-4.9-6.2-4.4-3.2.4-4 2.2-4 2.2s-.5-.7-1.2-.7h-1.4s-.5-.9-1.7-1.4-2.4 0-2.4 0-2.4-1.2-4.7 0-3.1 4.1-3.1 4.1-1.7-1.4-3.6-.7c-1.9.7-1.9 2.8-1.9 2.8s-.5-.5-1.7-.2c-1.2.2-1.4.7-1.4.7s-.7-2.3-2.8-2.8c-2.1-.5-4.3.2-4.3.2s-1.7-5-11.1-6c-3.8-.4-6.6.2-8.5 1v21.2h283.5V11.1c-.9.2-1.6.4-1.6.4s-5.2-8-16.1-8z\"\/>\n<\/svg>\n\t\t<\/div>\n\t\t\t\t\t<div class=\"elementor-container elementor-column-gap-default\">\n\t\t\t\t\t\t\t<div class=\"elementor-row\">\n\t\t\t\t\t<div class=\"elementor-column elementor-col-100 elementor-top-column elementor-element elementor-element-0ad7c0a\" data-id=\"0ad7c0a\" data-element_type=\"column\">\n\t\t\t<div class=\"elementor-column-wrap elementor-element-populated\">\n\t\t\t\t\t\t\t<div class=\"elementor-widget-wrap\">\n\t\t\t\t\t\t<div class=\"elementor-element elementor-element-ee897df elementor-widget elementor-widget-heading\" data-id=\"ee897df\" data-element_type=\"widget\" data-widget_type=\"heading.default\">\n\t\t\t\t<div class=\"elementor-widget-container\">\n\t\t\t<h2 class=\"elementor-heading-title elementor-size-default\">.<\/h2>\t\t<\/div>\n\t\t\t\t<\/div>\n\t\t\t\t<div class=\"elementor-element elementor-element-445fb54 elementor-shape-rounded elementor-grid-0 elementor-widget elementor-widget-social-icons\" data-id=\"445fb54\" data-element_type=\"widget\" data-widget_type=\"social-icons.default\">\n\t\t\t\t<div class=\"elementor-widget-container\">\n\t\t\t\t\t<div class=\"elementor-social-icons-wrapper elementor-grid\">\n\t\t\t\t\t\t\t<div class=\"elementor-grid-item\">\n\t\t\t\t\t<a class=\"elementor-icon elementor-social-icon elementor-social-icon-facebook elementor-repeater-item-620dcd8\" href=\"https:\/\/www.facebook.com\/people\/Associa%C3%A7%C3%A3o-Voz-de-Crian%C3%A7a\/100010765967609\" target=\"_blank\">\n\t\t\t\t\t\t<span class=\"elementor-screen-only\">Facebook<\/span>\n\t\t\t\t\t\t<i class=\"fab fa-facebook\"><\/i>\t\t\t\t\t<\/a>\n\t\t\t\t<\/div>\n\t\t\t\t\t\t\t<div class=\"elementor-grid-item\">\n\t\t\t\t\t<a class=\"elementor-icon elementor-social-icon elementor-social-icon-twitter elementor-repeater-item-7b93bd8\" target=\"_blank\">\n\t\t\t\t\t\t<span class=\"elementor-screen-only\">Twitter<\/span>\n\t\t\t\t\t\t<i class=\"fab fa-twitter\"><\/i>\t\t\t\t\t<\/a>\n\t\t\t\t<\/div>\n\t\t\t\t\t<\/div>\n\t\t\t\t<\/div>\n\t\t\t\t<\/div>\n\t\t\t\t\t\t<\/div>\n\t\t\t\t\t<\/div>\n\t\t<\/div>\n\t\t\t\t\t\t\t\t<\/div>\n\t\t\t\t\t<\/div>\n\t\t<\/section>\n\t\t\t\t\t\t<\/div>\n\t\t\t\t\t\t<\/div>\n\t\t\t\t\t<\/div>","protected":false},"excerpt":{"rendered":"<p>Santo Ant\u00e3o onde &#8220;Voz da Crian\u00e7a&#8221; precisa da sua aten\u00e7\u00e3o Esta situa\u00e7\u00e3o atinge sobretudo os jovens, causando dist\u00farbios sociais na comunidade e nas fam\u00edlias. Infelizmente, as principais v\u00edtimas desta situa\u00e7\u00e3o an\u00f3mala s\u00e3o as pr\u00f3prias crian\u00e7as, que s\u00e3o for\u00e7adas a viver numa atmosfera de desconforto permanente ou de abandono total. A vida dura e os esfor\u00e7os [&hellip;]<\/p>\n","protected":false},"author":1,"featured_media":0,"parent":0,"menu_order":0,"comment_status":"closed","ping_status":"closed","template":"","meta":{"footnotes":""},"class_list":["post-245","page","type-page","status-publish","hentry","entry"],"_links":{"self":[{"href":"https:\/\/vozdacrianca.cv\/de_de\/wp-json\/wp\/v2\/pages\/245","targetHints":{"allow":["GET"]}}],"collection":[{"href":"https:\/\/vozdacrianca.cv\/de_de\/wp-json\/wp\/v2\/pages"}],"about":[{"href":"https:\/\/vozdacrianca.cv\/de_de\/wp-json\/wp\/v2\/types\/page"}],"author":[{"embeddable":true,"href":"https:\/\/vozdacrianca.cv\/de_de\/wp-json\/wp\/v2\/users\/1"}],"replies":[{"embeddable":true,"href":"https:\/\/vozdacrianca.cv\/de_de\/wp-json\/wp\/v2\/comments?post=245"}],"version-history":[{"count":50,"href":"https:\/\/vozdacrianca.cv\/de_de\/wp-json\/wp\/v2\/pages\/245\/revisions"}],"predecessor-version":[{"id":1631,"href":"https:\/\/vozdacrianca.cv\/de_de\/wp-json\/wp\/v2\/pages\/245\/revisions\/1631"}],"wp:attachment":[{"href":"https:\/\/vozdacrianca.cv\/de_de\/wp-json\/wp\/v2\/media?parent=245"}],"curies":[{"name":"wp","href":"https:\/\/api.w.org\/{rel}","templated":true}]}}