{"id":332,"date":"2021-01-15T09:52:10","date_gmt":"2021-01-15T09:52:10","guid":{"rendered":"http:\/\/vozdacrianca.cv\/?page_id=332"},"modified":"2022-01-21T11:10:46","modified_gmt":"2022-01-21T11:10:46","slug":"adopcao-a-distancia","status":"publish","type":"page","link":"https:\/\/vozdacrianca.cv\/en_en\/adopcao-a-distancia\/","title":{"rendered":"CHILD SPONSORSHIP"},"content":{"rendered":"<div data-elementor-type=\"wp-page\" data-elementor-id=\"332\" class=\"elementor elementor-332\" data-elementor-settings=\"[]\">\n\t\t\t\t\t\t<div class=\"elementor-inner\">\n\t\t\t\t\t\t\t<div class=\"elementor-section-wrap\">\n\t\t\t\t\t\t\t<section class=\"elementor-section elementor-top-section elementor-element elementor-element-1c14e08 elementor-section-full_width elementor-section-height-min-height elementor-section-stretched elementor-section-height-default elementor-section-items-middle\" data-id=\"1c14e08\" data-element_type=\"section\" data-settings=\"{&quot;stretch_section&quot;:&quot;section-stretched&quot;,&quot;background_background&quot;:&quot;classic&quot;,&quot;shape_divider_bottom&quot;:&quot;clouds&quot;,&quot;shape_divider_bottom_negative&quot;:&quot;yes&quot;}\">\n\t\t\t\t\t\t\t<div class=\"elementor-background-overlay\"><\/div>\n\t\t\t\t\t\t<div class=\"elementor-shape elementor-shape-bottom\" data-negative=\"true\">\n\t\t\t<svg xmlns=\"http:\/\/www.w3.org\/2000\/svg\" viewbox=\"0 0 283.5 27.8\" preserveaspectratio=\"xMidYMax slice\">\n\t<path class=\"elementor-shape-fill\" d=\"M265.8 3.5c-10.9 0-15.9 6.2-15.9 6.2s-3.6-3.5-9.2-.9c-9.1 4.1-4.4 13.4-4.4 13.4s-1.2.2-1.9.9c-.6.7-.5 1.9-.5 1.9s-1-.5-2.3-.2c-1.3.3-1.6 1.4-1.6 1.4s.4-3.4-1.5-5c-3.9-3.4-8.3-.2-8.3-.2s-.6-.7-.9-.9c-.4-.2-1.2-.2-1.2-.2s-4.4-3.6-11.5-2.6-10.4 7.9-10.4 7.9-.5-3.3-3.9-4.9c-4.8-2.4-7.4 0-7.4 0s2.4-4.1-1.9-6.4-6.2 1.2-6.2 1.2-.9-.5-2.1-.5-2.3 1.1-2.3 1.1.1-.7-1.1-1.1c-1.2-.4-2 0-2 0s3.6-6.8-3.5-8.9c-6-1.8-7.9 2.6-8.4 4-.1-.3-.4-.7-.9-1.1-1-.7-1.3-.5-1.3-.5s1-4-1.7-5.2c-2.7-1.2-4.2 1.1-4.2 1.1s-3.1-1-5.7 1.4-2.1 5.5-2.1 5.5-.9 0-2.1.7-1.4 1.7-1.4 1.7-1.7-1.2-4.3-1.2c-2.6 0-4.5 1.2-4.5 1.2s-.7-1.5-2.8-2.4c-2.1-.9-4 0-4 0s2.6-5.9-4.7-9c-7.3-3.1-12.6 3.3-12.6 3.3s-.9 0-1.9.2c-.9.2-1.5.9-1.5.9S99.4 3 94.9 3.9c-4.5.9-5.7 5.7-5.7 5.7s-2.8-5-12.3-3.9-11.1 6-11.1 6-1.2-1.4-4-.7c-.8.2-1.3.5-1.8.9-.9-2.1-2.7-4.9-6.2-4.4-3.2.4-4 2.2-4 2.2s-.5-.7-1.2-.7h-1.4s-.5-.9-1.7-1.4-2.4 0-2.4 0-2.4-1.2-4.7 0-3.1 4.1-3.1 4.1-1.7-1.4-3.6-.7c-1.9.7-1.9 2.8-1.9 2.8s-.5-.5-1.7-.2c-1.2.2-1.4.7-1.4.7s-.7-2.3-2.8-2.8c-2.1-.5-4.3.2-4.3.2s-1.7-5-11.1-6c-3.8-.4-6.6.2-8.5 1v21.2h283.5V11.1c-.9.2-1.6.4-1.6.4s-5.2-8-16.1-8z\"\/>\n<\/svg>\n\t\t<\/div>\n\t\t\t\t\t<div class=\"elementor-container elementor-column-gap-default\">\n\t\t\t\t\t\t\t<div class=\"elementor-row\">\n\t\t\t\t\t<div class=\"elementor-column elementor-col-25 elementor-top-column elementor-element elementor-element-600e722\" data-id=\"600e722\" data-element_type=\"column\">\n\t\t\t<div class=\"elementor-column-wrap\">\n\t\t\t\t\t\t\t<div class=\"elementor-widget-wrap\">\n\t\t\t\t\t\t\t\t<\/div>\n\t\t\t\t\t<\/div>\n\t\t<\/div>\n\t\t\t\t<div class=\"elementor-column elementor-col-25 elementor-top-column elementor-element elementor-element-f5a6a91\" data-id=\"f5a6a91\" data-element_type=\"column\">\n\t\t\t<div class=\"elementor-column-wrap elementor-element-populated\">\n\t\t\t\t\t\t\t<div class=\"elementor-widget-wrap\">\n\t\t\t\t\t\t<div class=\"elementor-element elementor-element-8c63aa3 elementor-invisible elementor-widget elementor-widget-image\" data-id=\"8c63aa3\" data-element_type=\"widget\" data-settings=\"{&quot;_animation&quot;:&quot;bounce&quot;}\" data-widget_type=\"image.default\">\n\t\t\t\t<div class=\"elementor-widget-container\">\n\t\t\t\t\t<div class=\"elementor-image\">\n\t\t\t\t\t\t\t\t\t\t<img loading=\"lazy\" decoding=\"async\" width=\"1217\" height=\"336\" src=\"https:\/\/vozdacrianca.cv\/wp-content\/uploads\/2021\/02\/FPImage_Titulo-PT-1.png\" class=\"elementor-animation-grow attachment-full size-full\" alt=\"\" srcset=\"https:\/\/vozdacrianca.cv\/wp-content\/uploads\/2021\/02\/FPImage_Titulo-PT-1.png 1217w, https:\/\/vozdacrianca.cv\/wp-content\/uploads\/2021\/02\/FPImage_Titulo-PT-1-300x83.png 300w, https:\/\/vozdacrianca.cv\/wp-content\/uploads\/2021\/02\/FPImage_Titulo-PT-1-1024x283.png 1024w, https:\/\/vozdacrianca.cv\/wp-content\/uploads\/2021\/02\/FPImage_Titulo-PT-1-768x212.png 768w, https:\/\/vozdacrianca.cv\/wp-content\/uploads\/2021\/02\/FPImage_Titulo-PT-1-16x4.png 16w, https:\/\/vozdacrianca.cv\/wp-content\/uploads\/2021\/02\/FPImage_Titulo-PT-1-24x7.png 24w, https:\/\/vozdacrianca.cv\/wp-content\/uploads\/2021\/02\/FPImage_Titulo-PT-1-36x10.png 36w, https:\/\/vozdacrianca.cv\/wp-content\/uploads\/2021\/02\/FPImage_Titulo-PT-1-48x13.png 48w\" sizes=\"auto, (max-width: 1217px) 100vw, 1217px\" \/>\t\t\t\t\t\t\t\t\t\t\t<\/div>\n\t\t\t\t<\/div>\n\t\t\t\t<\/div>\n\t\t\t\t\t\t<\/div>\n\t\t\t\t\t<\/div>\n\t\t<\/div>\n\t\t\t\t<div class=\"elementor-column elementor-col-25 elementor-top-column elementor-element elementor-element-20db4cb\" data-id=\"20db4cb\" data-element_type=\"column\">\n\t\t\t<div class=\"elementor-column-wrap\">\n\t\t\t\t\t\t\t<div class=\"elementor-widget-wrap\">\n\t\t\t\t\t\t\t\t<\/div>\n\t\t\t\t\t<\/div>\n\t\t<\/div>\n\t\t\t\t<div class=\"elementor-column elementor-col-25 elementor-top-column elementor-element elementor-element-ee0ae48\" data-id=\"ee0ae48\" data-element_type=\"column\">\n\t\t\t<div class=\"elementor-column-wrap elementor-element-populated\">\n\t\t\t\t\t\t\t<div class=\"elementor-widget-wrap\">\n\t\t\t\t\t\t<div class=\"elementor-element elementor-element-32cb2df elementor-invisible elementor-widget elementor-widget-image\" data-id=\"32cb2df\" data-element_type=\"widget\" data-settings=\"{&quot;_animation&quot;:&quot;bounce&quot;}\" data-widget_type=\"image.default\">\n\t\t\t\t<div class=\"elementor-widget-container\">\n\t\t\t\t\t<div class=\"elementor-image\">\n\t\t\t\t\t\t\t\t\t\t<img loading=\"lazy\" decoding=\"async\" width=\"820\" height=\"118\" src=\"https:\/\/vozdacrianca.cv\/wp-content\/uploads\/2021\/02\/FPImage_Titulo-PT-2.png\" class=\"elementor-animation-grow attachment-full size-full\" alt=\"\" srcset=\"https:\/\/vozdacrianca.cv\/wp-content\/uploads\/2021\/02\/FPImage_Titulo-PT-2.png 820w, https:\/\/vozdacrianca.cv\/wp-content\/uploads\/2021\/02\/FPImage_Titulo-PT-2-300x43.png 300w, https:\/\/vozdacrianca.cv\/wp-content\/uploads\/2021\/02\/FPImage_Titulo-PT-2-768x111.png 768w, https:\/\/vozdacrianca.cv\/wp-content\/uploads\/2021\/02\/FPImage_Titulo-PT-2-16x2.png 16w, https:\/\/vozdacrianca.cv\/wp-content\/uploads\/2021\/02\/FPImage_Titulo-PT-2-24x3.png 24w, https:\/\/vozdacrianca.cv\/wp-content\/uploads\/2021\/02\/FPImage_Titulo-PT-2-36x5.png 36w, https:\/\/vozdacrianca.cv\/wp-content\/uploads\/2021\/02\/FPImage_Titulo-PT-2-48x7.png 48w\" sizes=\"auto, (max-width: 820px) 100vw, 820px\" \/>\t\t\t\t\t\t\t\t\t\t\t<\/div>\n\t\t\t\t<\/div>\n\t\t\t\t<\/div>\n\t\t\t\t\t\t<\/div>\n\t\t\t\t\t<\/div>\n\t\t<\/div>\n\t\t\t\t\t\t\t\t<\/div>\n\t\t\t\t\t<\/div>\n\t\t<\/section>\n\t\t\t\t<section class=\"elementor-section elementor-top-section elementor-element elementor-element-05cf8c3 elementor-section-content-middle elementor-section-boxed elementor-section-height-default elementor-section-height-default\" data-id=\"05cf8c3\" data-element_type=\"section\">\n\t\t\t\t\t\t<div class=\"elementor-container elementor-column-gap-no\">\n\t\t\t\t\t\t\t<div class=\"elementor-row\">\n\t\t\t\t\t<div class=\"elementor-column elementor-col-33 elementor-top-column elementor-element elementor-element-960cef1\" data-id=\"960cef1\" data-element_type=\"column\">\n\t\t\t<div class=\"elementor-column-wrap elementor-element-populated\">\n\t\t\t\t\t\t\t<div class=\"elementor-widget-wrap\">\n\t\t\t\t\t\t<div class=\"elementor-element elementor-element-784d9c1 elementor-invisible elementor-widget elementor-widget-heading\" data-id=\"784d9c1\" data-element_type=\"widget\" data-settings=\"{&quot;_animation&quot;:&quot;none&quot;}\" data-widget_type=\"heading.default\">\n\t\t\t\t<div class=\"elementor-widget-container\">\n\t\t\t<h4 class=\"elementor-heading-title elementor-size-medium\">CHILDREN`S  SPONSORSHIP<\/h4>\t\t<\/div>\n\t\t\t\t<\/div>\n\t\t\t\t<div class=\"elementor-element elementor-element-a285c69 elementor-widget elementor-widget-text-editor\" data-id=\"a285c69\" data-element_type=\"widget\" data-widget_type=\"text-editor.default\">\n\t\t\t\t<div class=\"elementor-widget-container\">\n\t\t\t\t\t<div class=\"elementor-text-editor elementor-clearfix\"><h1><strong><span style=\"color: #0f2d6e;\">we are helping  the most vulnerable of the society<\/span><\/strong><\/h1><\/div>\n\t\t\t\t<\/div>\n\t\t\t\t<\/div>\n\t\t\t\t<div class=\"elementor-element elementor-element-1768f79 elementor-widget elementor-widget-text-editor\" data-id=\"1768f79\" data-element_type=\"widget\" data-widget_type=\"text-editor.default\">\n\t\t\t\t<div class=\"elementor-widget-container\">\n\t\t\t\t\t<div class=\"elementor-text-editor elementor-clearfix\"><h1><strong><span style=\"color: #0f2d6e;\">.<\/span><\/strong><\/h1><\/div>\n\t\t\t\t<\/div>\n\t\t\t\t<\/div>\n\t\t\t\t\t\t<\/div>\n\t\t\t\t\t<\/div>\n\t\t<\/div>\n\t\t\t\t<div class=\"elementor-column elementor-col-33 elementor-top-column elementor-element elementor-element-41c0eb4\" data-id=\"41c0eb4\" data-element_type=\"column\">\n\t\t\t<div class=\"elementor-column-wrap elementor-element-populated\">\n\t\t\t\t\t\t\t<div class=\"elementor-widget-wrap\">\n\t\t\t\t\t\t<div class=\"elementor-element elementor-element-a28dfcf elementor-widget elementor-widget-image\" data-id=\"a28dfcf\" data-element_type=\"widget\" data-widget_type=\"image.default\">\n\t\t\t\t<div class=\"elementor-widget-container\">\n\t\t\t\t\t<div class=\"elementor-image\">\n\t\t\t\t\t\t\t\t\t\t<img loading=\"lazy\" decoding=\"async\" width=\"848\" height=\"565\" src=\"https:\/\/vozdacrianca.cv\/wp-content\/uploads\/2021\/01\/85280461_s.jpg\" class=\"elementor-animation-grow attachment-large size-large\" alt=\"\" srcset=\"https:\/\/vozdacrianca.cv\/wp-content\/uploads\/2021\/01\/85280461_s.jpg 848w, https:\/\/vozdacrianca.cv\/wp-content\/uploads\/2021\/01\/85280461_s-300x200.jpg 300w, https:\/\/vozdacrianca.cv\/wp-content\/uploads\/2021\/01\/85280461_s-768x512.jpg 768w, https:\/\/vozdacrianca.cv\/wp-content\/uploads\/2021\/01\/85280461_s-16x12.jpg 16w, https:\/\/vozdacrianca.cv\/wp-content\/uploads\/2021\/01\/85280461_s-24x16.jpg 24w, https:\/\/vozdacrianca.cv\/wp-content\/uploads\/2021\/01\/85280461_s-36x24.jpg 36w, https:\/\/vozdacrianca.cv\/wp-content\/uploads\/2021\/01\/85280461_s-48x32.jpg 48w\" sizes=\"auto, (max-width: 848px) 100vw, 848px\" \/>\t\t\t\t\t\t\t\t\t\t\t<\/div>\n\t\t\t\t<\/div>\n\t\t\t\t<\/div>\n\t\t\t\t\t\t<\/div>\n\t\t\t\t\t<\/div>\n\t\t<\/div>\n\t\t\t\t<div class=\"elementor-column elementor-col-33 elementor-top-column elementor-element elementor-element-8d11acd\" data-id=\"8d11acd\" data-element_type=\"column\">\n\t\t\t<div class=\"elementor-column-wrap elementor-element-populated\">\n\t\t\t\t\t\t\t<div class=\"elementor-widget-wrap\">\n\t\t\t\t\t\t<div class=\"elementor-element elementor-element-d8d8c9e elementor-widget elementor-widget-text-editor\" data-id=\"d8d8c9e\" data-element_type=\"widget\" data-widget_type=\"text-editor.default\">\n\t\t\t\t<div class=\"elementor-widget-container\">\n\t\t\t\t\t<div class=\"elementor-text-editor elementor-clearfix\"><p><strong>In order to avoid inequalities among the children our formula of sponsorship provides that your donations will be devoted to the acquisition of special personal items like satchels, teaching material, clothing, books, toys and whatever can make a child`s heart happy. The distribution of the items acquired with your support is taking place twice a year during a special celebration, where all donators will be introduced by their name and their origin. Every donator will receive a photographic service about this magic moment, when children receive donations by their ideal godfather and godmother, who are physically so far away and yet so close in their thoughts.<\/strong><\/p><\/div>\n\t\t\t\t<\/div>\n\t\t\t\t<\/div>\n\t\t\t\t\t\t<\/div>\n\t\t\t\t\t<\/div>\n\t\t<\/div>\n\t\t\t\t\t\t\t\t<\/div>\n\t\t\t\t\t<\/div>\n\t\t<\/section>\n\t\t\t\t<section class=\"elementor-section elementor-top-section elementor-element elementor-element-596f1f3 elementor-section-content-middle elementor-section-boxed elementor-section-height-default elementor-section-height-default\" data-id=\"596f1f3\" data-element_type=\"section\">\n\t\t\t\t\t\t<div class=\"elementor-container elementor-column-gap-no\">\n\t\t\t\t\t\t\t<div class=\"elementor-row\">\n\t\t\t\t\t<div class=\"elementor-column elementor-col-33 elementor-top-column elementor-element elementor-element-e5873b4\" data-id=\"e5873b4\" data-element_type=\"column\">\n\t\t\t<div class=\"elementor-column-wrap elementor-element-populated\">\n\t\t\t\t\t\t\t<div class=\"elementor-widget-wrap\">\n\t\t\t\t\t\t<div class=\"elementor-element elementor-element-cb728ee elementor-widget elementor-widget-image\" data-id=\"cb728ee\" data-element_type=\"widget\" data-widget_type=\"image.default\">\n\t\t\t\t<div class=\"elementor-widget-container\">\n\t\t\t\t\t<div class=\"elementor-image\">\n\t\t\t\t\t\t\t\t\t\t<img loading=\"lazy\" decoding=\"async\" width=\"847\" height=\"565\" src=\"https:\/\/vozdacrianca.cv\/wp-content\/uploads\/2021\/01\/22125115_s.jpg\" class=\"elementor-animation-grow attachment-large size-large\" alt=\"\" srcset=\"https:\/\/vozdacrianca.cv\/wp-content\/uploads\/2021\/01\/22125115_s.jpg 847w, https:\/\/vozdacrianca.cv\/wp-content\/uploads\/2021\/01\/22125115_s-300x200.jpg 300w, https:\/\/vozdacrianca.cv\/wp-content\/uploads\/2021\/01\/22125115_s-768x512.jpg 768w, https:\/\/vozdacrianca.cv\/wp-content\/uploads\/2021\/01\/22125115_s-16x12.jpg 16w, https:\/\/vozdacrianca.cv\/wp-content\/uploads\/2021\/01\/22125115_s-24x16.jpg 24w, https:\/\/vozdacrianca.cv\/wp-content\/uploads\/2021\/01\/22125115_s-36x24.jpg 36w, https:\/\/vozdacrianca.cv\/wp-content\/uploads\/2021\/01\/22125115_s-48x32.jpg 48w\" sizes=\"auto, (max-width: 847px) 100vw, 847px\" \/>\t\t\t\t\t\t\t\t\t\t\t<\/div>\n\t\t\t\t<\/div>\n\t\t\t\t<\/div>\n\t\t\t\t\t\t<\/div>\n\t\t\t\t\t<\/div>\n\t\t<\/div>\n\t\t\t\t<div class=\"elementor-column elementor-col-33 elementor-top-column elementor-element elementor-element-3421863\" data-id=\"3421863\" data-element_type=\"column\">\n\t\t\t<div class=\"elementor-column-wrap elementor-element-populated\">\n\t\t\t\t\t\t\t<div class=\"elementor-widget-wrap\">\n\t\t\t\t\t\t<div class=\"elementor-element elementor-element-e24e483 elementor-widget elementor-widget-text-editor\" data-id=\"e24e483\" data-element_type=\"widget\" data-widget_type=\"text-editor.default\">\n\t\t\t\t<div class=\"elementor-widget-container\">\n\t\t\t\t\t<div class=\"elementor-text-editor elementor-clearfix\"><p><strong>We kindly invite you to improve life conditions of orphans and street kids in Porto Novo by sponsoring our children\u2019s home. Sponsorship is utmost uncomplicated and does not require any permanent financial commitment. We only ask you to release to us a written confirmation that you will join the program for at least one year. After this period it is up to you to reconfirm or revoke your support.<\/strong><\/p><\/div>\n\t\t\t\t<\/div>\n\t\t\t\t<\/div>\n\t\t\t\t\t\t<\/div>\n\t\t\t\t\t<\/div>\n\t\t<\/div>\n\t\t\t\t<div class=\"elementor-column elementor-col-33 elementor-top-column elementor-element elementor-element-056477a\" data-id=\"056477a\" data-element_type=\"column\">\n\t\t\t<div class=\"elementor-column-wrap elementor-element-populated\">\n\t\t\t\t\t\t\t<div class=\"elementor-widget-wrap\">\n\t\t\t\t\t\t<div class=\"elementor-element elementor-element-62526d0 elementor-widget elementor-widget-image\" data-id=\"62526d0\" data-element_type=\"widget\" data-widget_type=\"image.default\">\n\t\t\t\t<div class=\"elementor-widget-container\">\n\t\t\t\t\t<div class=\"elementor-image\">\n\t\t\t\t\t\t\t\t\t\t<img loading=\"lazy\" decoding=\"async\" width=\"960\" height=\"1024\" src=\"https:\/\/vozdacrianca.cv\/wp-content\/uploads\/2021\/02\/43914685_s1-01-960x1024.jpg\" class=\"elementor-animation-grow attachment-large size-large\" alt=\"\" srcset=\"https:\/\/vozdacrianca.cv\/wp-content\/uploads\/2021\/02\/43914685_s1-01-960x1024.jpg 960w, https:\/\/vozdacrianca.cv\/wp-content\/uploads\/2021\/02\/43914685_s1-01-281x300.jpg 281w, https:\/\/vozdacrianca.cv\/wp-content\/uploads\/2021\/02\/43914685_s1-01-768x820.jpg 768w, https:\/\/vozdacrianca.cv\/wp-content\/uploads\/2021\/02\/43914685_s1-01-11x12.jpg 11w, https:\/\/vozdacrianca.cv\/wp-content\/uploads\/2021\/02\/43914685_s1-01-22x24.jpg 22w, https:\/\/vozdacrianca.cv\/wp-content\/uploads\/2021\/02\/43914685_s1-01-34x36.jpg 34w, https:\/\/vozdacrianca.cv\/wp-content\/uploads\/2021\/02\/43914685_s1-01-45x48.jpg 45w, https:\/\/vozdacrianca.cv\/wp-content\/uploads\/2021\/02\/43914685_s1-01.jpg 1371w\" sizes=\"auto, (max-width: 960px) 100vw, 960px\" \/>\t\t\t\t\t\t\t\t\t\t\t<\/div>\n\t\t\t\t<\/div>\n\t\t\t\t<\/div>\n\t\t\t\t\t\t<\/div>\n\t\t\t\t\t<\/div>\n\t\t<\/div>\n\t\t\t\t\t\t\t\t<\/div>\n\t\t\t\t\t<\/div>\n\t\t<\/section>\n\t\t\t\t<section class=\"elementor-section elementor-top-section elementor-element elementor-element-4a06ffd elementor-section-stretched elementor-section-boxed elementor-section-height-default elementor-section-height-default\" data-id=\"4a06ffd\" data-element_type=\"section\" data-settings=\"{&quot;stretch_section&quot;:&quot;section-stretched&quot;}\">\n\t\t\t\t\t\t<div class=\"elementor-container elementor-column-gap-no\">\n\t\t\t\t\t\t\t<div class=\"elementor-row\">\n\t\t\t\t\t<div class=\"elementor-column elementor-col-100 elementor-top-column elementor-element elementor-element-35473f9\" data-id=\"35473f9\" data-element_type=\"column\">\n\t\t\t<div class=\"elementor-column-wrap elementor-element-populated\">\n\t\t\t\t\t\t\t<div class=\"elementor-widget-wrap\">\n\t\t\t\t\t\t<div class=\"elementor-element elementor-element-07cf62f elementor-widget elementor-widget-image-gallery\" data-id=\"07cf62f\" data-element_type=\"widget\" data-widget_type=\"image-gallery.default\">\n\t\t\t\t<div class=\"elementor-widget-container\">\n\t\t\t\t\t<div class=\"elementor-image-gallery\">\n\t\t\t<div id='gallery-1' class='gallery galleryid-332 gallery-columns-3 gallery-size-medium_large'><figure class='gallery-item'>\n\t\t\t<div class='gallery-icon landscape'>\n\t\t\t\t<a data-elementor-open-lightbox=\"yes\" data-elementor-lightbox-slideshow=\"07cf62f\" data-elementor-lightbox-title=\"4\" href='https:\/\/vozdacrianca.cv\/wp-content\/uploads\/2020\/10\/4-1.jpg'><img loading=\"lazy\" decoding=\"async\" width=\"768\" height=\"432\" src=\"https:\/\/vozdacrianca.cv\/wp-content\/uploads\/2020\/10\/4-1-768x432.jpg\" class=\"attachment-medium_large size-medium_large\" alt=\"\" srcset=\"https:\/\/vozdacrianca.cv\/wp-content\/uploads\/2020\/10\/4-1-768x432.jpg 768w, https:\/\/vozdacrianca.cv\/wp-content\/uploads\/2020\/10\/4-1-300x169.jpg 300w, https:\/\/vozdacrianca.cv\/wp-content\/uploads\/2020\/10\/4-1-1024x576.jpg 1024w, https:\/\/vozdacrianca.cv\/wp-content\/uploads\/2020\/10\/4-1.jpg 1280w\" sizes=\"auto, (max-width: 768px) 100vw, 768px\" \/><\/a>\n\t\t\t<\/div><\/figure><figure class='gallery-item'>\n\t\t\t<div class='gallery-icon landscape'>\n\t\t\t\t<a data-elementor-open-lightbox=\"yes\" data-elementor-lightbox-slideshow=\"07cf62f\" data-elementor-lightbox-title=\"6\" href='https:\/\/vozdacrianca.cv\/wp-content\/uploads\/2020\/10\/6-1.jpg'><img loading=\"lazy\" decoding=\"async\" width=\"768\" height=\"432\" src=\"https:\/\/vozdacrianca.cv\/wp-content\/uploads\/2020\/10\/6-1-768x432.jpg\" class=\"attachment-medium_large size-medium_large\" alt=\"\" srcset=\"https:\/\/vozdacrianca.cv\/wp-content\/uploads\/2020\/10\/6-1-768x432.jpg 768w, https:\/\/vozdacrianca.cv\/wp-content\/uploads\/2020\/10\/6-1-300x169.jpg 300w, https:\/\/vozdacrianca.cv\/wp-content\/uploads\/2020\/10\/6-1-1024x576.jpg 1024w, https:\/\/vozdacrianca.cv\/wp-content\/uploads\/2020\/10\/6-1.jpg 1280w\" sizes=\"auto, (max-width: 768px) 100vw, 768px\" \/><\/a>\n\t\t\t<\/div><\/figure><figure class='gallery-item'>\n\t\t\t<div class='gallery-icon landscape'>\n\t\t\t\t<a data-elementor-open-lightbox=\"yes\" data-elementor-lightbox-slideshow=\"07cf62f\" data-elementor-lightbox-title=\"2\" href='https:\/\/vozdacrianca.cv\/wp-content\/uploads\/2020\/10\/2-2.jpg'><img loading=\"lazy\" decoding=\"async\" width=\"768\" height=\"432\" src=\"https:\/\/vozdacrianca.cv\/wp-content\/uploads\/2020\/10\/2-2-768x432.jpg\" class=\"attachment-medium_large size-medium_large\" alt=\"\" srcset=\"https:\/\/vozdacrianca.cv\/wp-content\/uploads\/2020\/10\/2-2-768x432.jpg 768w, https:\/\/vozdacrianca.cv\/wp-content\/uploads\/2020\/10\/2-2-300x169.jpg 300w, https:\/\/vozdacrianca.cv\/wp-content\/uploads\/2020\/10\/2-2-1024x576.jpg 1024w, https:\/\/vozdacrianca.cv\/wp-content\/uploads\/2020\/10\/2-2.jpg 1280w\" sizes=\"auto, (max-width: 768px) 100vw, 768px\" \/><\/a>\n\t\t\t<\/div><\/figure>\n\t\t<\/div>\n\t\t<\/div>\n\t\t\t\t<\/div>\n\t\t\t\t<\/div>\n\t\t\t\t\t\t<\/div>\n\t\t\t\t\t<\/div>\n\t\t<\/div>\n\t\t\t\t\t\t\t\t<\/div>\n\t\t\t\t\t<\/div>\n\t\t<\/section>\n\t\t\t\t<section class=\"elementor-section elementor-top-section elementor-element elementor-element-340fbfd elementor-section-full_width elementor-section-height-min-height elementor-section-stretched elementor-section-height-default elementor-section-items-middle\" data-id=\"340fbfd\" data-element_type=\"section\" data-settings=\"{&quot;stretch_section&quot;:&quot;section-stretched&quot;,&quot;background_background&quot;:&quot;classic&quot;,&quot;shape_divider_top&quot;:&quot;clouds&quot;,&quot;shape_divider_top_negative&quot;:&quot;yes&quot;}\">\n\t\t\t\t\t<div class=\"elementor-shape elementor-shape-top\" data-negative=\"true\">\n\t\t\t<svg xmlns=\"http:\/\/www.w3.org\/2000\/svg\" viewbox=\"0 0 283.5 27.8\" preserveaspectratio=\"xMidYMax slice\">\n\t<path class=\"elementor-shape-fill\" d=\"M265.8 3.5c-10.9 0-15.9 6.2-15.9 6.2s-3.6-3.5-9.2-.9c-9.1 4.1-4.4 13.4-4.4 13.4s-1.2.2-1.9.9c-.6.7-.5 1.9-.5 1.9s-1-.5-2.3-.2c-1.3.3-1.6 1.4-1.6 1.4s.4-3.4-1.5-5c-3.9-3.4-8.3-.2-8.3-.2s-.6-.7-.9-.9c-.4-.2-1.2-.2-1.2-.2s-4.4-3.6-11.5-2.6-10.4 7.9-10.4 7.9-.5-3.3-3.9-4.9c-4.8-2.4-7.4 0-7.4 0s2.4-4.1-1.9-6.4-6.2 1.2-6.2 1.2-.9-.5-2.1-.5-2.3 1.1-2.3 1.1.1-.7-1.1-1.1c-1.2-.4-2 0-2 0s3.6-6.8-3.5-8.9c-6-1.8-7.9 2.6-8.4 4-.1-.3-.4-.7-.9-1.1-1-.7-1.3-.5-1.3-.5s1-4-1.7-5.2c-2.7-1.2-4.2 1.1-4.2 1.1s-3.1-1-5.7 1.4-2.1 5.5-2.1 5.5-.9 0-2.1.7-1.4 1.7-1.4 1.7-1.7-1.2-4.3-1.2c-2.6 0-4.5 1.2-4.5 1.2s-.7-1.5-2.8-2.4c-2.1-.9-4 0-4 0s2.6-5.9-4.7-9c-7.3-3.1-12.6 3.3-12.6 3.3s-.9 0-1.9.2c-.9.2-1.5.9-1.5.9S99.4 3 94.9 3.9c-4.5.9-5.7 5.7-5.7 5.7s-2.8-5-12.3-3.9-11.1 6-11.1 6-1.2-1.4-4-.7c-.8.2-1.3.5-1.8.9-.9-2.1-2.7-4.9-6.2-4.4-3.2.4-4 2.2-4 2.2s-.5-.7-1.2-.7h-1.4s-.5-.9-1.7-1.4-2.4 0-2.4 0-2.4-1.2-4.7 0-3.1 4.1-3.1 4.1-1.7-1.4-3.6-.7c-1.9.7-1.9 2.8-1.9 2.8s-.5-.5-1.7-.2c-1.2.2-1.4.7-1.4.7s-.7-2.3-2.8-2.8c-2.1-.5-4.3.2-4.3.2s-1.7-5-11.1-6c-3.8-.4-6.6.2-8.5 1v21.2h283.5V11.1c-.9.2-1.6.4-1.6.4s-5.2-8-16.1-8z\"\/>\n<\/svg>\n\t\t<\/div>\n\t\t\t\t\t<div class=\"elementor-container elementor-column-gap-default\">\n\t\t\t\t\t\t\t<div class=\"elementor-row\">\n\t\t\t\t\t<div class=\"elementor-column elementor-col-100 elementor-top-column elementor-element elementor-element-cb4d1ef\" data-id=\"cb4d1ef\" data-element_type=\"column\">\n\t\t\t<div class=\"elementor-column-wrap elementor-element-populated\">\n\t\t\t\t\t\t\t<div class=\"elementor-widget-wrap\">\n\t\t\t\t\t\t<div class=\"elementor-element elementor-element-89097d0 elementor-widget elementor-widget-heading\" data-id=\"89097d0\" data-element_type=\"widget\" data-widget_type=\"heading.default\">\n\t\t\t\t<div class=\"elementor-widget-container\">\n\t\t\t<h2 class=\"elementor-heading-title elementor-size-default\">.<\/h2>\t\t<\/div>\n\t\t\t\t<\/div>\n\t\t\t\t<div class=\"elementor-element elementor-element-413cda0 elementor-shape-rounded elementor-grid-0 elementor-widget elementor-widget-social-icons\" data-id=\"413cda0\" data-element_type=\"widget\" data-widget_type=\"social-icons.default\">\n\t\t\t\t<div class=\"elementor-widget-container\">\n\t\t\t\t\t<div class=\"elementor-social-icons-wrapper elementor-grid\">\n\t\t\t\t\t\t\t<div class=\"elementor-grid-item\">\n\t\t\t\t\t<a class=\"elementor-icon elementor-social-icon elementor-social-icon-facebook elementor-repeater-item-620dcd8\" href=\"https:\/\/www.facebook.com\/people\/Associa%C3%A7%C3%A3o-Voz-de-Crian%C3%A7a\/100010765967609\" target=\"_blank\">\n\t\t\t\t\t\t<span class=\"elementor-screen-only\">Facebook<\/span>\n\t\t\t\t\t\t<i class=\"fab fa-facebook\"><\/i>\t\t\t\t\t<\/a>\n\t\t\t\t<\/div>\n\t\t\t\t\t\t\t<div class=\"elementor-grid-item\">\n\t\t\t\t\t<a class=\"elementor-icon elementor-social-icon elementor-social-icon-twitter elementor-repeater-item-7b93bd8\" target=\"_blank\">\n\t\t\t\t\t\t<span class=\"elementor-screen-only\">Twitter<\/span>\n\t\t\t\t\t\t<i class=\"fab fa-twitter\"><\/i>\t\t\t\t\t<\/a>\n\t\t\t\t<\/div>\n\t\t\t\t\t<\/div>\n\t\t\t\t<\/div>\n\t\t\t\t<\/div>\n\t\t\t\t\t\t<\/div>\n\t\t\t\t\t<\/div>\n\t\t<\/div>\n\t\t\t\t\t\t\t\t<\/div>\n\t\t\t\t\t<\/div>\n\t\t<\/section>\n\t\t\t\t\t\t<\/div>\n\t\t\t\t\t\t<\/div>\n\t\t\t\t\t<\/div>","protected":false},"excerpt":{"rendered":"<p>Adop\u00e7\u00e3o a Distancia n\u00f3s ajudamos os mais vulner\u00e1veis e fracos na nossa sociedade A fim de evitar desigualdades entre as crian\u00e7as, a nossa f\u00f3rmula de patroc\u00ednio prev\u00ea que os vossos donativos sejam dedicados \u00e0 aquisi\u00e7\u00e3o de artigos pessoais especiais como pastas, material did\u00e1ctico, vestu\u00e1rio, livros, brinquedos e tudo o que possa alegrar o cora\u00e7\u00e3o de [&hellip;]<\/p>\n","protected":false},"author":1,"featured_media":0,"parent":0,"menu_order":0,"comment_status":"closed","ping_status":"closed","template":"","meta":{"footnotes":""},"class_list":["post-332","page","type-page","status-publish","hentry","entry"],"_links":{"self":[{"href":"https:\/\/vozdacrianca.cv\/en_en\/wp-json\/wp\/v2\/pages\/332","targetHints":{"allow":["GET"]}}],"collection":[{"href":"https:\/\/vozdacrianca.cv\/en_en\/wp-json\/wp\/v2\/pages"}],"about":[{"href":"https:\/\/vozdacrianca.cv\/en_en\/wp-json\/wp\/v2\/types\/page"}],"author":[{"embeddable":true,"href":"https:\/\/vozdacrianca.cv\/en_en\/wp-json\/wp\/v2\/users\/1"}],"replies":[{"embeddable":true,"href":"https:\/\/vozdacrianca.cv\/en_en\/wp-json\/wp\/v2\/comments?post=332"}],"version-history":[{"count":40,"href":"https:\/\/vozdacrianca.cv\/en_en\/wp-json\/wp\/v2\/pages\/332\/revisions"}],"predecessor-version":[{"id":1633,"href":"https:\/\/vozdacrianca.cv\/en_en\/wp-json\/wp\/v2\/pages\/332\/revisions\/1633"}],"wp:attachment":[{"href":"https:\/\/vozdacrianca.cv\/en_en\/wp-json\/wp\/v2\/media?parent=332"}],"curies":[{"name":"wp","href":"https:\/\/api.w.org\/{rel}","templated":true}]}}