{"id":328,"date":"2021-01-15T09:50:11","date_gmt":"2021-01-15T09:50:11","guid":{"rendered":"http:\/\/vozdacrianca.cv\/?page_id=328"},"modified":"2022-01-21T11:09:11","modified_gmt":"2022-01-21T11:09:11","slug":"sobre-nos","status":"publish","type":"page","link":"https:\/\/vozdacrianca.cv\/fr_fr\/sobre-nos\/","title":{"rendered":"QUI SOMMES NOUS"},"content":{"rendered":"<div data-elementor-type=\"wp-page\" data-elementor-id=\"328\" class=\"elementor elementor-328\" data-elementor-settings=\"[]\">\n\t\t\t\t\t\t<div class=\"elementor-inner\">\n\t\t\t\t\t\t\t<div class=\"elementor-section-wrap\">\n\t\t\t\t\t\t\t<section class=\"elementor-section elementor-top-section elementor-element elementor-element-2d0251f elementor-section-full_width elementor-section-height-min-height elementor-section-stretched elementor-section-height-default elementor-section-items-middle\" data-id=\"2d0251f\" data-element_type=\"section\" data-settings=\"{&quot;stretch_section&quot;:&quot;section-stretched&quot;,&quot;background_background&quot;:&quot;classic&quot;,&quot;shape_divider_bottom&quot;:&quot;clouds&quot;,&quot;shape_divider_bottom_negative&quot;:&quot;yes&quot;}\">\n\t\t\t\t\t\t\t<div class=\"elementor-background-overlay\"><\/div>\n\t\t\t\t\t\t<div class=\"elementor-shape elementor-shape-bottom\" data-negative=\"true\">\n\t\t\t<svg xmlns=\"http:\/\/www.w3.org\/2000\/svg\" viewbox=\"0 0 283.5 27.8\" preserveaspectratio=\"xMidYMax slice\">\n\t<path class=\"elementor-shape-fill\" d=\"M265.8 3.5c-10.9 0-15.9 6.2-15.9 6.2s-3.6-3.5-9.2-.9c-9.1 4.1-4.4 13.4-4.4 13.4s-1.2.2-1.9.9c-.6.7-.5 1.9-.5 1.9s-1-.5-2.3-.2c-1.3.3-1.6 1.4-1.6 1.4s.4-3.4-1.5-5c-3.9-3.4-8.3-.2-8.3-.2s-.6-.7-.9-.9c-.4-.2-1.2-.2-1.2-.2s-4.4-3.6-11.5-2.6-10.4 7.9-10.4 7.9-.5-3.3-3.9-4.9c-4.8-2.4-7.4 0-7.4 0s2.4-4.1-1.9-6.4-6.2 1.2-6.2 1.2-.9-.5-2.1-.5-2.3 1.1-2.3 1.1.1-.7-1.1-1.1c-1.2-.4-2 0-2 0s3.6-6.8-3.5-8.9c-6-1.8-7.9 2.6-8.4 4-.1-.3-.4-.7-.9-1.1-1-.7-1.3-.5-1.3-.5s1-4-1.7-5.2c-2.7-1.2-4.2 1.1-4.2 1.1s-3.1-1-5.7 1.4-2.1 5.5-2.1 5.5-.9 0-2.1.7-1.4 1.7-1.4 1.7-1.7-1.2-4.3-1.2c-2.6 0-4.5 1.2-4.5 1.2s-.7-1.5-2.8-2.4c-2.1-.9-4 0-4 0s2.6-5.9-4.7-9c-7.3-3.1-12.6 3.3-12.6 3.3s-.9 0-1.9.2c-.9.2-1.5.9-1.5.9S99.4 3 94.9 3.9c-4.5.9-5.7 5.7-5.7 5.7s-2.8-5-12.3-3.9-11.1 6-11.1 6-1.2-1.4-4-.7c-.8.2-1.3.5-1.8.9-.9-2.1-2.7-4.9-6.2-4.4-3.2.4-4 2.2-4 2.2s-.5-.7-1.2-.7h-1.4s-.5-.9-1.7-1.4-2.4 0-2.4 0-2.4-1.2-4.7 0-3.1 4.1-3.1 4.1-1.7-1.4-3.6-.7c-1.9.7-1.9 2.8-1.9 2.8s-.5-.5-1.7-.2c-1.2.2-1.4.7-1.4.7s-.7-2.3-2.8-2.8c-2.1-.5-4.3.2-4.3.2s-1.7-5-11.1-6c-3.8-.4-6.6.2-8.5 1v21.2h283.5V11.1c-.9.2-1.6.4-1.6.4s-5.2-8-16.1-8z\"\/>\n<\/svg>\n\t\t<\/div>\n\t\t\t\t\t<div class=\"elementor-container elementor-column-gap-default\">\n\t\t\t\t\t\t\t<div class=\"elementor-row\">\n\t\t\t\t\t<div class=\"elementor-column elementor-col-25 elementor-top-column elementor-element elementor-element-6bf96f5\" data-id=\"6bf96f5\" data-element_type=\"column\">\n\t\t\t<div class=\"elementor-column-wrap\">\n\t\t\t\t\t\t\t<div class=\"elementor-widget-wrap\">\n\t\t\t\t\t\t\t\t<\/div>\n\t\t\t\t\t<\/div>\n\t\t<\/div>\n\t\t\t\t<div class=\"elementor-column elementor-col-25 elementor-top-column elementor-element elementor-element-0c03ee9\" data-id=\"0c03ee9\" data-element_type=\"column\">\n\t\t\t<div class=\"elementor-column-wrap elementor-element-populated\">\n\t\t\t\t\t\t\t<div class=\"elementor-widget-wrap\">\n\t\t\t\t\t\t<div class=\"elementor-element elementor-element-76fdb42 elementor-invisible elementor-widget elementor-widget-image\" data-id=\"76fdb42\" data-element_type=\"widget\" data-settings=\"{&quot;_animation&quot;:&quot;bounce&quot;}\" data-widget_type=\"image.default\">\n\t\t\t\t<div class=\"elementor-widget-container\">\n\t\t\t\t\t<div class=\"elementor-image\">\n\t\t\t\t\t\t\t\t\t\t<img loading=\"lazy\" decoding=\"async\" width=\"1217\" height=\"336\" src=\"https:\/\/vozdacrianca.cv\/wp-content\/uploads\/2021\/02\/FPImage_Titulo-PT-1.png\" class=\"elementor-animation-grow attachment-full size-full\" alt=\"\" srcset=\"https:\/\/vozdacrianca.cv\/wp-content\/uploads\/2021\/02\/FPImage_Titulo-PT-1.png 1217w, https:\/\/vozdacrianca.cv\/wp-content\/uploads\/2021\/02\/FPImage_Titulo-PT-1-300x83.png 300w, https:\/\/vozdacrianca.cv\/wp-content\/uploads\/2021\/02\/FPImage_Titulo-PT-1-1024x283.png 1024w, https:\/\/vozdacrianca.cv\/wp-content\/uploads\/2021\/02\/FPImage_Titulo-PT-1-768x212.png 768w, https:\/\/vozdacrianca.cv\/wp-content\/uploads\/2021\/02\/FPImage_Titulo-PT-1-16x4.png 16w, https:\/\/vozdacrianca.cv\/wp-content\/uploads\/2021\/02\/FPImage_Titulo-PT-1-24x7.png 24w, https:\/\/vozdacrianca.cv\/wp-content\/uploads\/2021\/02\/FPImage_Titulo-PT-1-36x10.png 36w, https:\/\/vozdacrianca.cv\/wp-content\/uploads\/2021\/02\/FPImage_Titulo-PT-1-48x13.png 48w\" sizes=\"auto, (max-width: 1217px) 100vw, 1217px\" \/>\t\t\t\t\t\t\t\t\t\t\t<\/div>\n\t\t\t\t<\/div>\n\t\t\t\t<\/div>\n\t\t\t\t\t\t<\/div>\n\t\t\t\t\t<\/div>\n\t\t<\/div>\n\t\t\t\t<div class=\"elementor-column elementor-col-25 elementor-top-column elementor-element elementor-element-df46114\" data-id=\"df46114\" data-element_type=\"column\">\n\t\t\t<div class=\"elementor-column-wrap\">\n\t\t\t\t\t\t\t<div class=\"elementor-widget-wrap\">\n\t\t\t\t\t\t\t\t<\/div>\n\t\t\t\t\t<\/div>\n\t\t<\/div>\n\t\t\t\t<div class=\"elementor-column elementor-col-25 elementor-top-column elementor-element elementor-element-51e923f\" data-id=\"51e923f\" data-element_type=\"column\">\n\t\t\t<div class=\"elementor-column-wrap elementor-element-populated\">\n\t\t\t\t\t\t\t<div class=\"elementor-widget-wrap\">\n\t\t\t\t\t\t<div class=\"elementor-element elementor-element-39e88b6 elementor-invisible elementor-widget elementor-widget-image\" data-id=\"39e88b6\" data-element_type=\"widget\" data-settings=\"{&quot;_animation&quot;:&quot;bounce&quot;}\" data-widget_type=\"image.default\">\n\t\t\t\t<div class=\"elementor-widget-container\">\n\t\t\t\t\t<div class=\"elementor-image\">\n\t\t\t\t\t\t\t\t\t\t<img loading=\"lazy\" decoding=\"async\" width=\"820\" height=\"118\" src=\"https:\/\/vozdacrianca.cv\/wp-content\/uploads\/2021\/02\/FPImage_Titulo-PT-2.png\" class=\"elementor-animation-grow attachment-full size-full\" alt=\"\" srcset=\"https:\/\/vozdacrianca.cv\/wp-content\/uploads\/2021\/02\/FPImage_Titulo-PT-2.png 820w, https:\/\/vozdacrianca.cv\/wp-content\/uploads\/2021\/02\/FPImage_Titulo-PT-2-300x43.png 300w, https:\/\/vozdacrianca.cv\/wp-content\/uploads\/2021\/02\/FPImage_Titulo-PT-2-768x111.png 768w, https:\/\/vozdacrianca.cv\/wp-content\/uploads\/2021\/02\/FPImage_Titulo-PT-2-16x2.png 16w, https:\/\/vozdacrianca.cv\/wp-content\/uploads\/2021\/02\/FPImage_Titulo-PT-2-24x3.png 24w, https:\/\/vozdacrianca.cv\/wp-content\/uploads\/2021\/02\/FPImage_Titulo-PT-2-36x5.png 36w, https:\/\/vozdacrianca.cv\/wp-content\/uploads\/2021\/02\/FPImage_Titulo-PT-2-48x7.png 48w\" sizes=\"auto, (max-width: 820px) 100vw, 820px\" \/>\t\t\t\t\t\t\t\t\t\t\t<\/div>\n\t\t\t\t<\/div>\n\t\t\t\t<\/div>\n\t\t\t\t\t\t<\/div>\n\t\t\t\t\t<\/div>\n\t\t<\/div>\n\t\t\t\t\t\t\t\t<\/div>\n\t\t\t\t\t<\/div>\n\t\t<\/section>\n\t\t\t\t<section class=\"elementor-section elementor-top-section elementor-element elementor-element-0531ecd elementor-section-content-middle elementor-section-boxed elementor-section-height-default elementor-section-height-default\" data-id=\"0531ecd\" data-element_type=\"section\">\n\t\t\t\t\t\t<div class=\"elementor-container elementor-column-gap-no\">\n\t\t\t\t\t\t\t<div class=\"elementor-row\">\n\t\t\t\t\t<div class=\"elementor-column elementor-col-33 elementor-top-column elementor-element elementor-element-8634f5f\" data-id=\"8634f5f\" data-element_type=\"column\">\n\t\t\t<div class=\"elementor-column-wrap elementor-element-populated\">\n\t\t\t\t\t\t\t<div class=\"elementor-widget-wrap\">\n\t\t\t\t\t\t<div class=\"elementor-element elementor-element-063bd3c elementor-invisible elementor-widget elementor-widget-heading\" data-id=\"063bd3c\" data-element_type=\"widget\" data-settings=\"{&quot;_animation&quot;:&quot;none&quot;}\" data-widget_type=\"heading.default\">\n\t\t\t\t<div class=\"elementor-widget-container\">\n\t\t\t<h4 class=\"elementor-heading-title elementor-size-medium\">QUI SOMMES NOUS<\/h4>\t\t<\/div>\n\t\t\t\t<\/div>\n\t\t\t\t<div class=\"elementor-element elementor-element-2e862b5 elementor-widget elementor-widget-text-editor\" data-id=\"2e862b5\" data-element_type=\"widget\" data-widget_type=\"text-editor.default\">\n\t\t\t\t<div class=\"elementor-widget-container\">\n\t\t\t\t\t<div class=\"elementor-text-editor elementor-clearfix\"><h1 style=\"text-align: left;\"><strong><span style=\"color: #0f2d6e;\">nous ne sommes qu`un groupe<\/span><\/strong><\/h1><\/div>\n\t\t\t\t<\/div>\n\t\t\t\t<\/div>\n\t\t\t\t<div class=\"elementor-element elementor-element-42e986d elementor-widget elementor-widget-text-editor\" data-id=\"42e986d\" data-element_type=\"widget\" data-widget_type=\"text-editor.default\">\n\t\t\t\t<div class=\"elementor-widget-container\">\n\t\t\t\t\t<div class=\"elementor-text-editor elementor-clearfix\"><h1 style=\"text-align: left;\"><strong><span style=\"color: #0f2d6e;\">d`incurables optimistes<\/span><\/strong><\/h1><\/div>\n\t\t\t\t<\/div>\n\t\t\t\t<\/div>\n\t\t\t\t\t\t<\/div>\n\t\t\t\t\t<\/div>\n\t\t<\/div>\n\t\t\t\t<div class=\"elementor-column elementor-col-33 elementor-top-column elementor-element elementor-element-f9e878a\" data-id=\"f9e878a\" data-element_type=\"column\">\n\t\t\t<div class=\"elementor-column-wrap elementor-element-populated\">\n\t\t\t\t\t\t\t<div class=\"elementor-widget-wrap\">\n\t\t\t\t\t\t<div class=\"elementor-element elementor-element-a5489f3 elementor-widget elementor-widget-image\" data-id=\"a5489f3\" data-element_type=\"widget\" data-widget_type=\"image.default\">\n\t\t\t\t<div class=\"elementor-widget-container\">\n\t\t\t\t\t<div class=\"elementor-image\">\n\t\t\t\t\t\t\t\t\t\t<img loading=\"lazy\" decoding=\"async\" width=\"960\" height=\"1024\" src=\"https:\/\/vozdacrianca.cv\/wp-content\/uploads\/2021\/02\/kids1-01-960x1024.jpg\" class=\"elementor-animation-grow attachment-large size-large\" alt=\"\" srcset=\"https:\/\/vozdacrianca.cv\/wp-content\/uploads\/2021\/02\/kids1-01-960x1024.jpg 960w, https:\/\/vozdacrianca.cv\/wp-content\/uploads\/2021\/02\/kids1-01-281x300.jpg 281w, https:\/\/vozdacrianca.cv\/wp-content\/uploads\/2021\/02\/kids1-01-768x820.jpg 768w, https:\/\/vozdacrianca.cv\/wp-content\/uploads\/2021\/02\/kids1-01-11x12.jpg 11w, https:\/\/vozdacrianca.cv\/wp-content\/uploads\/2021\/02\/kids1-01-22x24.jpg 22w, https:\/\/vozdacrianca.cv\/wp-content\/uploads\/2021\/02\/kids1-01-34x36.jpg 34w, https:\/\/vozdacrianca.cv\/wp-content\/uploads\/2021\/02\/kids1-01-45x48.jpg 45w, https:\/\/vozdacrianca.cv\/wp-content\/uploads\/2021\/02\/kids1-01.jpg 1371w\" sizes=\"auto, (max-width: 960px) 100vw, 960px\" \/>\t\t\t\t\t\t\t\t\t\t\t<\/div>\n\t\t\t\t<\/div>\n\t\t\t\t<\/div>\n\t\t\t\t\t\t<\/div>\n\t\t\t\t\t<\/div>\n\t\t<\/div>\n\t\t\t\t<div class=\"elementor-column elementor-col-33 elementor-top-column elementor-element elementor-element-44bcf63\" data-id=\"44bcf63\" data-element_type=\"column\">\n\t\t\t<div class=\"elementor-column-wrap elementor-element-populated\">\n\t\t\t\t\t\t\t<div class=\"elementor-widget-wrap\">\n\t\t\t\t\t\t<div class=\"elementor-element elementor-element-3519dda elementor-widget elementor-widget-text-editor\" data-id=\"3519dda\" data-element_type=\"widget\" data-widget_type=\"text-editor.default\">\n\t\t\t\t<div class=\"elementor-widget-container\">\n\t\t\t\t\t<div class=\"elementor-text-editor elementor-clearfix\"><p><strong>Dans ce contexte, notre attention s'est port\u00e9e sur les enfants des rues et les orphelins de Porto Novo, dont le destin nous a particuli\u00e8rement touch\u00e9s et a suscit\u00e9 notre compassion. Malheureusement, les \u00eeles du Cap-Vert, petit pays africain, ne sont pas suffisamment consid\u00e9r\u00e9es par les grandes organisations caritatives centr\u00e9es sur d'autres pays du continent africain. Par cons\u00e9quent, le soutien des dons priv\u00e9s devient crucial. Ce projet a \u00e9t\u00e9 men\u00e9 par des personnes de bonne volont\u00e9, qui ont consenti beaucoup d'efforts, envers nos petits citoyens qui ont rencontr\u00e9 de grandes difficult\u00e9s \u00e0 un \u00e2ge pr\u00e9coce.<\/strong><\/p><\/div>\n\t\t\t\t<\/div>\n\t\t\t\t<\/div>\n\t\t\t\t\t\t<\/div>\n\t\t\t\t\t<\/div>\n\t\t<\/div>\n\t\t\t\t\t\t\t\t<\/div>\n\t\t\t\t\t<\/div>\n\t\t<\/section>\n\t\t\t\t<section class=\"elementor-section elementor-top-section elementor-element elementor-element-6d4b7ab elementor-section-content-middle elementor-section-boxed elementor-section-height-default elementor-section-height-default\" data-id=\"6d4b7ab\" data-element_type=\"section\">\n\t\t\t\t\t\t<div class=\"elementor-container elementor-column-gap-no\">\n\t\t\t\t\t\t\t<div class=\"elementor-row\">\n\t\t\t\t\t<div class=\"elementor-column elementor-col-33 elementor-top-column elementor-element elementor-element-ee76c70\" data-id=\"ee76c70\" data-element_type=\"column\">\n\t\t\t<div class=\"elementor-column-wrap elementor-element-populated\">\n\t\t\t\t\t\t\t<div class=\"elementor-widget-wrap\">\n\t\t\t\t\t\t<div class=\"elementor-element elementor-element-c47c968 elementor-widget elementor-widget-image\" data-id=\"c47c968\" data-element_type=\"widget\" data-widget_type=\"image.default\">\n\t\t\t\t<div class=\"elementor-widget-container\">\n\t\t\t\t\t<div class=\"elementor-image\">\n\t\t\t\t\t\t\t\t\t\t<img loading=\"lazy\" decoding=\"async\" width=\"848\" height=\"565\" src=\"https:\/\/vozdacrianca.cv\/wp-content\/uploads\/2021\/01\/85280609_s.jpg\" class=\"elementor-animation-grow attachment-large size-large\" alt=\"\" srcset=\"https:\/\/vozdacrianca.cv\/wp-content\/uploads\/2021\/01\/85280609_s.jpg 848w, https:\/\/vozdacrianca.cv\/wp-content\/uploads\/2021\/01\/85280609_s-300x200.jpg 300w, https:\/\/vozdacrianca.cv\/wp-content\/uploads\/2021\/01\/85280609_s-768x512.jpg 768w, https:\/\/vozdacrianca.cv\/wp-content\/uploads\/2021\/01\/85280609_s-16x12.jpg 16w, https:\/\/vozdacrianca.cv\/wp-content\/uploads\/2021\/01\/85280609_s-24x16.jpg 24w, https:\/\/vozdacrianca.cv\/wp-content\/uploads\/2021\/01\/85280609_s-36x24.jpg 36w, https:\/\/vozdacrianca.cv\/wp-content\/uploads\/2021\/01\/85280609_s-48x32.jpg 48w\" sizes=\"auto, (max-width: 848px) 100vw, 848px\" \/>\t\t\t\t\t\t\t\t\t\t\t<\/div>\n\t\t\t\t<\/div>\n\t\t\t\t<\/div>\n\t\t\t\t\t\t<\/div>\n\t\t\t\t\t<\/div>\n\t\t<\/div>\n\t\t\t\t<div class=\"elementor-column elementor-col-33 elementor-top-column elementor-element elementor-element-3f381a2\" data-id=\"3f381a2\" data-element_type=\"column\">\n\t\t\t<div class=\"elementor-column-wrap elementor-element-populated\">\n\t\t\t\t\t\t\t<div class=\"elementor-widget-wrap\">\n\t\t\t\t\t\t<div class=\"elementor-element elementor-element-f501441 elementor-widget elementor-widget-text-editor\" data-id=\"f501441\" data-element_type=\"widget\" data-widget_type=\"text-editor.default\">\n\t\t\t\t<div class=\"elementor-widget-container\">\n\t\t\t\t\t<div class=\"elementor-text-editor elementor-clearfix\"><p><strong>Depuis plus de 25 ans, nos membres ont particip\u00e9 \u00e0 la construction de l'infrastructure h\u00f4teli\u00e8re et touristique de ce petit groupe d'\u00eeles dans l'oc\u00e9an Atlantique, connaissant et valorisant la population locale, son caract\u00e8re et son mode de vie. Ce projet nous donne l'opportunit\u00e9 de ne redonner qu'une petite partie de la sympathie et de la chaleur que nous avons re\u00e7ues depuis plus de deux d\u00e9cennies et pendant tout notre s\u00e9jour.<\/strong><\/p><\/div>\n\t\t\t\t<\/div>\n\t\t\t\t<\/div>\n\t\t\t\t\t\t<\/div>\n\t\t\t\t\t<\/div>\n\t\t<\/div>\n\t\t\t\t<div class=\"elementor-column elementor-col-33 elementor-top-column elementor-element elementor-element-200dbdd\" data-id=\"200dbdd\" data-element_type=\"column\">\n\t\t\t<div class=\"elementor-column-wrap elementor-element-populated\">\n\t\t\t\t\t\t\t<div class=\"elementor-widget-wrap\">\n\t\t\t\t\t\t<div class=\"elementor-element elementor-element-954b468 elementor-widget elementor-widget-image\" data-id=\"954b468\" data-element_type=\"widget\" data-widget_type=\"image.default\">\n\t\t\t\t<div class=\"elementor-widget-container\">\n\t\t\t\t\t<div class=\"elementor-image\">\n\t\t\t\t\t\t\t\t\t\t<img loading=\"lazy\" decoding=\"async\" width=\"847\" height=\"565\" src=\"https:\/\/vozdacrianca.cv\/wp-content\/uploads\/2021\/01\/97528096_s.jpg\" class=\"elementor-animation-grow attachment-large size-large\" alt=\"\" srcset=\"https:\/\/vozdacrianca.cv\/wp-content\/uploads\/2021\/01\/97528096_s.jpg 847w, https:\/\/vozdacrianca.cv\/wp-content\/uploads\/2021\/01\/97528096_s-300x200.jpg 300w, https:\/\/vozdacrianca.cv\/wp-content\/uploads\/2021\/01\/97528096_s-768x512.jpg 768w, https:\/\/vozdacrianca.cv\/wp-content\/uploads\/2021\/01\/97528096_s-16x12.jpg 16w, https:\/\/vozdacrianca.cv\/wp-content\/uploads\/2021\/01\/97528096_s-24x16.jpg 24w, https:\/\/vozdacrianca.cv\/wp-content\/uploads\/2021\/01\/97528096_s-36x24.jpg 36w, https:\/\/vozdacrianca.cv\/wp-content\/uploads\/2021\/01\/97528096_s-48x32.jpg 48w\" sizes=\"auto, (max-width: 847px) 100vw, 847px\" \/>\t\t\t\t\t\t\t\t\t\t\t<\/div>\n\t\t\t\t<\/div>\n\t\t\t\t<\/div>\n\t\t\t\t\t\t<\/div>\n\t\t\t\t\t<\/div>\n\t\t<\/div>\n\t\t\t\t\t\t\t\t<\/div>\n\t\t\t\t\t<\/div>\n\t\t<\/section>\n\t\t\t\t<section class=\"elementor-section elementor-top-section elementor-element elementor-element-2c11f35 elementor-section-stretched elementor-section-boxed elementor-section-height-default elementor-section-height-default\" data-id=\"2c11f35\" data-element_type=\"section\" data-settings=\"{&quot;stretch_section&quot;:&quot;section-stretched&quot;}\">\n\t\t\t\t\t\t<div class=\"elementor-container elementor-column-gap-no\">\n\t\t\t\t\t\t\t<div class=\"elementor-row\">\n\t\t\t\t\t<div class=\"elementor-column elementor-col-100 elementor-top-column elementor-element elementor-element-3d8017c\" data-id=\"3d8017c\" data-element_type=\"column\">\n\t\t\t<div class=\"elementor-column-wrap elementor-element-populated\">\n\t\t\t\t\t\t\t<div class=\"elementor-widget-wrap\">\n\t\t\t\t\t\t<div class=\"elementor-element elementor-element-fa9405d elementor-widget elementor-widget-image-gallery\" data-id=\"fa9405d\" data-element_type=\"widget\" data-widget_type=\"image-gallery.default\">\n\t\t\t\t<div class=\"elementor-widget-container\">\n\t\t\t\t\t<div class=\"elementor-image-gallery\">\n\t\t\t<div id='gallery-1' class='gallery galleryid-328 gallery-columns-3 gallery-size-medium_large'><figure class='gallery-item'>\n\t\t\t<div class='gallery-icon landscape'>\n\t\t\t\t<a data-elementor-open-lightbox=\"yes\" data-elementor-lightbox-slideshow=\"fa9405d\" data-elementor-lightbox-title=\"4\" href='https:\/\/vozdacrianca.cv\/wp-content\/uploads\/2020\/10\/4-1.jpg'><img loading=\"lazy\" decoding=\"async\" width=\"768\" height=\"432\" src=\"https:\/\/vozdacrianca.cv\/wp-content\/uploads\/2020\/10\/4-1-768x432.jpg\" class=\"attachment-medium_large size-medium_large\" alt=\"\" srcset=\"https:\/\/vozdacrianca.cv\/wp-content\/uploads\/2020\/10\/4-1-768x432.jpg 768w, https:\/\/vozdacrianca.cv\/wp-content\/uploads\/2020\/10\/4-1-300x169.jpg 300w, https:\/\/vozdacrianca.cv\/wp-content\/uploads\/2020\/10\/4-1-1024x576.jpg 1024w, https:\/\/vozdacrianca.cv\/wp-content\/uploads\/2020\/10\/4-1.jpg 1280w\" sizes=\"auto, (max-width: 768px) 100vw, 768px\" \/><\/a>\n\t\t\t<\/div><\/figure><figure class='gallery-item'>\n\t\t\t<div class='gallery-icon landscape'>\n\t\t\t\t<a data-elementor-open-lightbox=\"yes\" data-elementor-lightbox-slideshow=\"fa9405d\" data-elementor-lightbox-title=\"6\" href='https:\/\/vozdacrianca.cv\/wp-content\/uploads\/2020\/10\/6-1.jpg'><img loading=\"lazy\" decoding=\"async\" width=\"768\" height=\"432\" src=\"https:\/\/vozdacrianca.cv\/wp-content\/uploads\/2020\/10\/6-1-768x432.jpg\" class=\"attachment-medium_large size-medium_large\" alt=\"\" srcset=\"https:\/\/vozdacrianca.cv\/wp-content\/uploads\/2020\/10\/6-1-768x432.jpg 768w, https:\/\/vozdacrianca.cv\/wp-content\/uploads\/2020\/10\/6-1-300x169.jpg 300w, https:\/\/vozdacrianca.cv\/wp-content\/uploads\/2020\/10\/6-1-1024x576.jpg 1024w, https:\/\/vozdacrianca.cv\/wp-content\/uploads\/2020\/10\/6-1.jpg 1280w\" sizes=\"auto, (max-width: 768px) 100vw, 768px\" \/><\/a>\n\t\t\t<\/div><\/figure><figure class='gallery-item'>\n\t\t\t<div class='gallery-icon landscape'>\n\t\t\t\t<a data-elementor-open-lightbox=\"yes\" data-elementor-lightbox-slideshow=\"fa9405d\" data-elementor-lightbox-title=\"2\" href='https:\/\/vozdacrianca.cv\/wp-content\/uploads\/2020\/10\/2-2.jpg'><img loading=\"lazy\" decoding=\"async\" width=\"768\" height=\"432\" src=\"https:\/\/vozdacrianca.cv\/wp-content\/uploads\/2020\/10\/2-2-768x432.jpg\" class=\"attachment-medium_large size-medium_large\" alt=\"\" srcset=\"https:\/\/vozdacrianca.cv\/wp-content\/uploads\/2020\/10\/2-2-768x432.jpg 768w, https:\/\/vozdacrianca.cv\/wp-content\/uploads\/2020\/10\/2-2-300x169.jpg 300w, https:\/\/vozdacrianca.cv\/wp-content\/uploads\/2020\/10\/2-2-1024x576.jpg 1024w, https:\/\/vozdacrianca.cv\/wp-content\/uploads\/2020\/10\/2-2.jpg 1280w\" sizes=\"auto, (max-width: 768px) 100vw, 768px\" \/><\/a>\n\t\t\t<\/div><\/figure>\n\t\t<\/div>\n\t\t<\/div>\n\t\t\t\t<\/div>\n\t\t\t\t<\/div>\n\t\t\t\t\t\t<\/div>\n\t\t\t\t\t<\/div>\n\t\t<\/div>\n\t\t\t\t\t\t\t\t<\/div>\n\t\t\t\t\t<\/div>\n\t\t<\/section>\n\t\t\t\t<section class=\"elementor-section elementor-top-section elementor-element elementor-element-2ca19da elementor-section-full_width elementor-section-height-min-height elementor-section-stretched elementor-section-height-default elementor-section-items-middle\" data-id=\"2ca19da\" data-element_type=\"section\" data-settings=\"{&quot;stretch_section&quot;:&quot;section-stretched&quot;,&quot;background_background&quot;:&quot;classic&quot;,&quot;shape_divider_top&quot;:&quot;clouds&quot;,&quot;shape_divider_top_negative&quot;:&quot;yes&quot;}\">\n\t\t\t\t\t<div class=\"elementor-shape elementor-shape-top\" data-negative=\"true\">\n\t\t\t<svg xmlns=\"http:\/\/www.w3.org\/2000\/svg\" viewbox=\"0 0 283.5 27.8\" preserveaspectratio=\"xMidYMax slice\">\n\t<path class=\"elementor-shape-fill\" d=\"M265.8 3.5c-10.9 0-15.9 6.2-15.9 6.2s-3.6-3.5-9.2-.9c-9.1 4.1-4.4 13.4-4.4 13.4s-1.2.2-1.9.9c-.6.7-.5 1.9-.5 1.9s-1-.5-2.3-.2c-1.3.3-1.6 1.4-1.6 1.4s.4-3.4-1.5-5c-3.9-3.4-8.3-.2-8.3-.2s-.6-.7-.9-.9c-.4-.2-1.2-.2-1.2-.2s-4.4-3.6-11.5-2.6-10.4 7.9-10.4 7.9-.5-3.3-3.9-4.9c-4.8-2.4-7.4 0-7.4 0s2.4-4.1-1.9-6.4-6.2 1.2-6.2 1.2-.9-.5-2.1-.5-2.3 1.1-2.3 1.1.1-.7-1.1-1.1c-1.2-.4-2 0-2 0s3.6-6.8-3.5-8.9c-6-1.8-7.9 2.6-8.4 4-.1-.3-.4-.7-.9-1.1-1-.7-1.3-.5-1.3-.5s1-4-1.7-5.2c-2.7-1.2-4.2 1.1-4.2 1.1s-3.1-1-5.7 1.4-2.1 5.5-2.1 5.5-.9 0-2.1.7-1.4 1.7-1.4 1.7-1.7-1.2-4.3-1.2c-2.6 0-4.5 1.2-4.5 1.2s-.7-1.5-2.8-2.4c-2.1-.9-4 0-4 0s2.6-5.9-4.7-9c-7.3-3.1-12.6 3.3-12.6 3.3s-.9 0-1.9.2c-.9.2-1.5.9-1.5.9S99.4 3 94.9 3.9c-4.5.9-5.7 5.7-5.7 5.7s-2.8-5-12.3-3.9-11.1 6-11.1 6-1.2-1.4-4-.7c-.8.2-1.3.5-1.8.9-.9-2.1-2.7-4.9-6.2-4.4-3.2.4-4 2.2-4 2.2s-.5-.7-1.2-.7h-1.4s-.5-.9-1.7-1.4-2.4 0-2.4 0-2.4-1.2-4.7 0-3.1 4.1-3.1 4.1-1.7-1.4-3.6-.7c-1.9.7-1.9 2.8-1.9 2.8s-.5-.5-1.7-.2c-1.2.2-1.4.7-1.4.7s-.7-2.3-2.8-2.8c-2.1-.5-4.3.2-4.3.2s-1.7-5-11.1-6c-3.8-.4-6.6.2-8.5 1v21.2h283.5V11.1c-.9.2-1.6.4-1.6.4s-5.2-8-16.1-8z\"\/>\n<\/svg>\n\t\t<\/div>\n\t\t\t\t\t<div class=\"elementor-container elementor-column-gap-default\">\n\t\t\t\t\t\t\t<div class=\"elementor-row\">\n\t\t\t\t\t<div class=\"elementor-column elementor-col-100 elementor-top-column elementor-element elementor-element-d19f1fe\" data-id=\"d19f1fe\" data-element_type=\"column\">\n\t\t\t<div class=\"elementor-column-wrap elementor-element-populated\">\n\t\t\t\t\t\t\t<div class=\"elementor-widget-wrap\">\n\t\t\t\t\t\t<div class=\"elementor-element elementor-element-8ce2a08 elementor-widget elementor-widget-heading\" data-id=\"8ce2a08\" data-element_type=\"widget\" data-widget_type=\"heading.default\">\n\t\t\t\t<div class=\"elementor-widget-container\">\n\t\t\t<h2 class=\"elementor-heading-title elementor-size-default\">.<\/h2>\t\t<\/div>\n\t\t\t\t<\/div>\n\t\t\t\t<div class=\"elementor-element elementor-element-5b05680 elementor-shape-rounded elementor-grid-0 elementor-widget elementor-widget-social-icons\" data-id=\"5b05680\" data-element_type=\"widget\" data-widget_type=\"social-icons.default\">\n\t\t\t\t<div class=\"elementor-widget-container\">\n\t\t\t\t\t<div class=\"elementor-social-icons-wrapper elementor-grid\">\n\t\t\t\t\t\t\t<div class=\"elementor-grid-item\">\n\t\t\t\t\t<a class=\"elementor-icon elementor-social-icon elementor-social-icon-facebook elementor-repeater-item-620dcd8\" href=\"https:\/\/www.facebook.com\/people\/Associa%C3%A7%C3%A3o-Voz-de-Crian%C3%A7a\/100010765967609\" target=\"_blank\">\n\t\t\t\t\t\t<span class=\"elementor-screen-only\">Facebook<\/span>\n\t\t\t\t\t\t<i class=\"fab fa-facebook\"><\/i>\t\t\t\t\t<\/a>\n\t\t\t\t<\/div>\n\t\t\t\t\t\t\t<div class=\"elementor-grid-item\">\n\t\t\t\t\t<a class=\"elementor-icon elementor-social-icon elementor-social-icon-twitter elementor-repeater-item-7b93bd8\" target=\"_blank\">\n\t\t\t\t\t\t<span class=\"elementor-screen-only\">Twitter<\/span>\n\t\t\t\t\t\t<i class=\"fab fa-twitter\"><\/i>\t\t\t\t\t<\/a>\n\t\t\t\t<\/div>\n\t\t\t\t\t<\/div>\n\t\t\t\t<\/div>\n\t\t\t\t<\/div>\n\t\t\t\t\t\t<\/div>\n\t\t\t\t\t<\/div>\n\t\t<\/div>\n\t\t\t\t\t\t\t\t<\/div>\n\t\t\t\t\t<\/div>\n\t\t<\/section>\n\t\t\t\t\t\t<\/div>\n\t\t\t\t\t\t<\/div>\n\t\t\t\t\t<\/div>","protected":false},"excerpt":{"rendered":"<p>Sobre N\u00f3s somos apenas um grupo de otimistas incur\u00e1veis Neste contexto, a nossa particular aten\u00e7\u00e3o e preocupa\u00e7\u00e3o concentra-se nas crian\u00e7as \u00f3rf\u00e3os e carenciadas do Porto Novo, cujo destino tocou particularmente a nossa compaix\u00e3o. Infelizmente, as ilhas de Cabo Verde, sendo um pequeno pa\u00eds africano, n\u00e3o s\u00e3o suficientemente consideradas importantes pelas grandes organiza\u00e7\u00f5es de caridade centradas [&hellip;]<\/p>\n","protected":false},"author":1,"featured_media":0,"parent":0,"menu_order":0,"comment_status":"closed","ping_status":"closed","template":"","meta":{"footnotes":""},"class_list":["post-328","page","type-page","status-publish","hentry","entry"],"_links":{"self":[{"href":"https:\/\/vozdacrianca.cv\/fr_fr\/wp-json\/wp\/v2\/pages\/328","targetHints":{"allow":["GET"]}}],"collection":[{"href":"https:\/\/vozdacrianca.cv\/fr_fr\/wp-json\/wp\/v2\/pages"}],"about":[{"href":"https:\/\/vozdacrianca.cv\/fr_fr\/wp-json\/wp\/v2\/types\/page"}],"author":[{"embeddable":true,"href":"https:\/\/vozdacrianca.cv\/fr_fr\/wp-json\/wp\/v2\/users\/1"}],"replies":[{"embeddable":true,"href":"https:\/\/vozdacrianca.cv\/fr_fr\/wp-json\/wp\/v2\/comments?post=328"}],"version-history":[{"count":65,"href":"https:\/\/vozdacrianca.cv\/fr_fr\/wp-json\/wp\/v2\/pages\/328\/revisions"}],"predecessor-version":[{"id":1627,"href":"https:\/\/vozdacrianca.cv\/fr_fr\/wp-json\/wp\/v2\/pages\/328\/revisions\/1627"}],"wp:attachment":[{"href":"https:\/\/vozdacrianca.cv\/fr_fr\/wp-json\/wp\/v2\/media?parent=328"}],"curies":[{"name":"wp","href":"https:\/\/api.w.org\/{rel}","templated":true}]}}