{"id":30,"date":"2020-10-22T13:00:08","date_gmt":"2020-10-22T13:00:08","guid":{"rendered":"http:\/\/vozdacrianca.cv\/wp\/?page_id=30"},"modified":"2026-03-19T11:39:03","modified_gmt":"2026-03-19T11:39:03","slug":"inicio","status":"publish","type":"page","link":"https:\/\/vozdacrianca.cv\/pt_pt\/","title":{"rendered":"IN\u00cdCIO"},"content":{"rendered":"\t\t<div data-elementor-type=\"wp-page\" data-elementor-id=\"30\" class=\"elementor elementor-30\" data-elementor-settings=\"[]\">\n\t\t\t\t\t\t<div class=\"elementor-inner\">\n\t\t\t\t\t\t\t<div class=\"elementor-section-wrap\">\n\t\t\t\t\t\t\t<section class=\"elementor-section elementor-top-section elementor-element elementor-element-211989f elementor-section-full_width elementor-section-height-min-height elementor-section-stretched elementor-section-height-default elementor-section-items-middle\" data-id=\"211989f\" data-element_type=\"section\" data-settings=\"{&quot;stretch_section&quot;:&quot;section-stretched&quot;,&quot;background_background&quot;:&quot;classic&quot;,&quot;shape_divider_bottom&quot;:&quot;clouds&quot;,&quot;shape_divider_bottom_negative&quot;:&quot;yes&quot;}\">\n\t\t\t\t\t\t\t<div class=\"elementor-background-overlay\"><\/div>\n\t\t\t\t\t\t<div class=\"elementor-shape elementor-shape-bottom\" data-negative=\"true\">\n\t\t\t<svg xmlns=\"http:\/\/www.w3.org\/2000\/svg\" viewBox=\"0 0 283.5 27.8\" preserveAspectRatio=\"xMidYMax slice\">\n\t<path class=\"elementor-shape-fill\" d=\"M265.8 3.5c-10.9 0-15.9 6.2-15.9 6.2s-3.6-3.5-9.2-.9c-9.1 4.1-4.4 13.4-4.4 13.4s-1.2.2-1.9.9c-.6.7-.5 1.9-.5 1.9s-1-.5-2.3-.2c-1.3.3-1.6 1.4-1.6 1.4s.4-3.4-1.5-5c-3.9-3.4-8.3-.2-8.3-.2s-.6-.7-.9-.9c-.4-.2-1.2-.2-1.2-.2s-4.4-3.6-11.5-2.6-10.4 7.9-10.4 7.9-.5-3.3-3.9-4.9c-4.8-2.4-7.4 0-7.4 0s2.4-4.1-1.9-6.4-6.2 1.2-6.2 1.2-.9-.5-2.1-.5-2.3 1.1-2.3 1.1.1-.7-1.1-1.1c-1.2-.4-2 0-2 0s3.6-6.8-3.5-8.9c-6-1.8-7.9 2.6-8.4 4-.1-.3-.4-.7-.9-1.1-1-.7-1.3-.5-1.3-.5s1-4-1.7-5.2c-2.7-1.2-4.2 1.1-4.2 1.1s-3.1-1-5.7 1.4-2.1 5.5-2.1 5.5-.9 0-2.1.7-1.4 1.7-1.4 1.7-1.7-1.2-4.3-1.2c-2.6 0-4.5 1.2-4.5 1.2s-.7-1.5-2.8-2.4c-2.1-.9-4 0-4 0s2.6-5.9-4.7-9c-7.3-3.1-12.6 3.3-12.6 3.3s-.9 0-1.9.2c-.9.2-1.5.9-1.5.9S99.4 3 94.9 3.9c-4.5.9-5.7 5.7-5.7 5.7s-2.8-5-12.3-3.9-11.1 6-11.1 6-1.2-1.4-4-.7c-.8.2-1.3.5-1.8.9-.9-2.1-2.7-4.9-6.2-4.4-3.2.4-4 2.2-4 2.2s-.5-.7-1.2-.7h-1.4s-.5-.9-1.7-1.4-2.4 0-2.4 0-2.4-1.2-4.7 0-3.1 4.1-3.1 4.1-1.7-1.4-3.6-.7c-1.9.7-1.9 2.8-1.9 2.8s-.5-.5-1.7-.2c-1.2.2-1.4.7-1.4.7s-.7-2.3-2.8-2.8c-2.1-.5-4.3.2-4.3.2s-1.7-5-11.1-6c-3.8-.4-6.6.2-8.5 1v21.2h283.5V11.1c-.9.2-1.6.4-1.6.4s-5.2-8-16.1-8z\"\/>\n<\/svg>\n\t\t<\/div>\n\t\t\t\t\t<div class=\"elementor-container elementor-column-gap-default\">\n\t\t\t\t\t\t\t<div class=\"elementor-row\">\n\t\t\t\t\t<div class=\"elementor-column elementor-col-25 elementor-top-column elementor-element elementor-element-ffe054a\" data-id=\"ffe054a\" data-element_type=\"column\">\n\t\t\t<div class=\"elementor-column-wrap\">\n\t\t\t\t\t\t\t<div class=\"elementor-widget-wrap\">\n\t\t\t\t\t\t\t\t<\/div>\n\t\t\t\t\t<\/div>\n\t\t<\/div>\n\t\t\t\t<div class=\"elementor-column elementor-col-25 elementor-top-column elementor-element elementor-element-169476a\" data-id=\"169476a\" data-element_type=\"column\">\n\t\t\t<div class=\"elementor-column-wrap elementor-element-populated\">\n\t\t\t\t\t\t\t<div class=\"elementor-widget-wrap\">\n\t\t\t\t\t\t<div class=\"elementor-element elementor-element-d6ef530 elementor-invisible elementor-widget elementor-widget-image\" data-id=\"d6ef530\" data-element_type=\"widget\" data-settings=\"{&quot;_animation&quot;:&quot;bounce&quot;}\" data-widget_type=\"image.default\">\n\t\t\t\t<div class=\"elementor-widget-container\">\n\t\t\t\t\t<div class=\"elementor-image\">\n\t\t\t\t\t\t\t\t\t\t<img loading=\"lazy\" decoding=\"async\" width=\"1217\" height=\"336\" src=\"https:\/\/vozdacrianca.cv\/wp-content\/uploads\/2021\/02\/FPImage_Titulo-PT-1.png\" class=\"elementor-animation-grow attachment-full size-full\" alt=\"\" srcset=\"https:\/\/vozdacrianca.cv\/wp-content\/uploads\/2021\/02\/FPImage_Titulo-PT-1.png 1217w, https:\/\/vozdacrianca.cv\/wp-content\/uploads\/2021\/02\/FPImage_Titulo-PT-1-300x83.png 300w, https:\/\/vozdacrianca.cv\/wp-content\/uploads\/2021\/02\/FPImage_Titulo-PT-1-1024x283.png 1024w, https:\/\/vozdacrianca.cv\/wp-content\/uploads\/2021\/02\/FPImage_Titulo-PT-1-768x212.png 768w, https:\/\/vozdacrianca.cv\/wp-content\/uploads\/2021\/02\/FPImage_Titulo-PT-1-16x4.png 16w, https:\/\/vozdacrianca.cv\/wp-content\/uploads\/2021\/02\/FPImage_Titulo-PT-1-24x7.png 24w, https:\/\/vozdacrianca.cv\/wp-content\/uploads\/2021\/02\/FPImage_Titulo-PT-1-36x10.png 36w, https:\/\/vozdacrianca.cv\/wp-content\/uploads\/2021\/02\/FPImage_Titulo-PT-1-48x13.png 48w\" sizes=\"auto, (max-width: 1217px) 100vw, 1217px\" \/>\t\t\t\t\t\t\t\t\t\t\t<\/div>\n\t\t\t\t<\/div>\n\t\t\t\t<\/div>\n\t\t\t\t\t\t<\/div>\n\t\t\t\t\t<\/div>\n\t\t<\/div>\n\t\t\t\t<div class=\"elementor-column elementor-col-25 elementor-top-column elementor-element elementor-element-60ed261\" data-id=\"60ed261\" data-element_type=\"column\">\n\t\t\t<div class=\"elementor-column-wrap\">\n\t\t\t\t\t\t\t<div class=\"elementor-widget-wrap\">\n\t\t\t\t\t\t\t\t<\/div>\n\t\t\t\t\t<\/div>\n\t\t<\/div>\n\t\t\t\t<div class=\"elementor-column elementor-col-25 elementor-top-column elementor-element elementor-element-3a68b1f\" data-id=\"3a68b1f\" data-element_type=\"column\">\n\t\t\t<div class=\"elementor-column-wrap elementor-element-populated\">\n\t\t\t\t\t\t\t<div class=\"elementor-widget-wrap\">\n\t\t\t\t\t\t<div class=\"elementor-element elementor-element-9ffa91d elementor-invisible elementor-widget elementor-widget-image\" data-id=\"9ffa91d\" data-element_type=\"widget\" data-settings=\"{&quot;_animation&quot;:&quot;bounce&quot;}\" data-widget_type=\"image.default\">\n\t\t\t\t<div class=\"elementor-widget-container\">\n\t\t\t\t\t<div class=\"elementor-image\">\n\t\t\t\t\t\t\t\t\t\t<img loading=\"lazy\" decoding=\"async\" width=\"820\" height=\"118\" src=\"https:\/\/vozdacrianca.cv\/wp-content\/uploads\/2021\/02\/FPImage_Titulo-PT-2.png\" class=\"elementor-animation-grow attachment-full size-full\" alt=\"\" srcset=\"https:\/\/vozdacrianca.cv\/wp-content\/uploads\/2021\/02\/FPImage_Titulo-PT-2.png 820w, https:\/\/vozdacrianca.cv\/wp-content\/uploads\/2021\/02\/FPImage_Titulo-PT-2-300x43.png 300w, https:\/\/vozdacrianca.cv\/wp-content\/uploads\/2021\/02\/FPImage_Titulo-PT-2-768x111.png 768w, https:\/\/vozdacrianca.cv\/wp-content\/uploads\/2021\/02\/FPImage_Titulo-PT-2-16x2.png 16w, https:\/\/vozdacrianca.cv\/wp-content\/uploads\/2021\/02\/FPImage_Titulo-PT-2-24x3.png 24w, https:\/\/vozdacrianca.cv\/wp-content\/uploads\/2021\/02\/FPImage_Titulo-PT-2-36x5.png 36w, https:\/\/vozdacrianca.cv\/wp-content\/uploads\/2021\/02\/FPImage_Titulo-PT-2-48x7.png 48w\" sizes=\"auto, (max-width: 820px) 100vw, 820px\" \/>\t\t\t\t\t\t\t\t\t\t\t<\/div>\n\t\t\t\t<\/div>\n\t\t\t\t<\/div>\n\t\t\t\t\t\t<\/div>\n\t\t\t\t\t<\/div>\n\t\t<\/div>\n\t\t\t\t\t\t\t\t<\/div>\n\t\t\t\t\t<\/div>\n\t\t<\/section>\n\t\t\t\t<section class=\"elementor-section elementor-top-section elementor-element elementor-element-4c1c56be elementor-section-content-middle elementor-section-boxed elementor-section-height-default elementor-section-height-default\" data-id=\"4c1c56be\" data-element_type=\"section\">\n\t\t\t\t\t\t<div class=\"elementor-container elementor-column-gap-no\">\n\t\t\t\t\t\t\t<div class=\"elementor-row\">\n\t\t\t\t\t<div class=\"elementor-column elementor-col-33 elementor-top-column elementor-element elementor-element-27bb7225\" data-id=\"27bb7225\" data-element_type=\"column\">\n\t\t\t<div class=\"elementor-column-wrap elementor-element-populated\">\n\t\t\t\t\t\t\t<div class=\"elementor-widget-wrap\">\n\t\t\t\t\t\t<div class=\"elementor-element elementor-element-35b83d28 elementor-invisible elementor-widget elementor-widget-heading\" data-id=\"35b83d28\" data-element_type=\"widget\" data-settings=\"{&quot;_animation&quot;:&quot;none&quot;}\" data-widget_type=\"heading.default\">\n\t\t\t\t<div class=\"elementor-widget-container\">\n\t\t\t<h4 class=\"elementor-heading-title elementor-size-medium\">Bem-vindo ao site voz da crian\u00e7a<\/h4>\t\t<\/div>\n\t\t\t\t<\/div>\n\t\t\t\t<div class=\"elementor-element elementor-element-3f41cebf elementor-widget elementor-widget-text-editor\" data-id=\"3f41cebf\" data-element_type=\"widget\" data-widget_type=\"text-editor.default\">\n\t\t\t\t<div class=\"elementor-widget-container\">\n\t\t\t\t\t<div class=\"elementor-text-editor elementor-clearfix\"><h1 style=\"text-align: left;\"><strong><span style=\"color: #0f2d6e;\">o projeto social na<\/span><\/strong><\/h1><\/div>\n\t\t\t\t<\/div>\n\t\t\t\t<\/div>\n\t\t\t\t<div class=\"elementor-element elementor-element-97947b8 elementor-widget elementor-widget-text-editor\" data-id=\"97947b8\" data-element_type=\"widget\" data-widget_type=\"text-editor.default\">\n\t\t\t\t<div class=\"elementor-widget-container\">\n\t\t\t\t\t<div class=\"elementor-text-editor elementor-clearfix\"><h1><strong><span style=\"color: #0f2d6e;\">ilha de Santo Ant\u00e3o<\/span><\/strong><\/h1><\/div>\n\t\t\t\t<\/div>\n\t\t\t\t<\/div>\n\t\t\t\t\t\t<\/div>\n\t\t\t\t\t<\/div>\n\t\t<\/div>\n\t\t\t\t<div class=\"elementor-column elementor-col-33 elementor-top-column elementor-element elementor-element-6d613cf3\" data-id=\"6d613cf3\" data-element_type=\"column\">\n\t\t\t<div class=\"elementor-column-wrap elementor-element-populated\">\n\t\t\t\t\t\t\t<div class=\"elementor-widget-wrap\">\n\t\t\t\t\t\t<div class=\"elementor-element elementor-element-5ef3a353 elementor-widget elementor-widget-image\" data-id=\"5ef3a353\" data-element_type=\"widget\" data-widget_type=\"image.default\">\n\t\t\t\t<div class=\"elementor-widget-container\">\n\t\t\t\t\t<div class=\"elementor-image\">\n\t\t\t\t\t\t\t\t\t\t<img loading=\"lazy\" decoding=\"async\" width=\"881\" height=\"544\" src=\"https:\/\/vozdacrianca.cv\/wp-content\/uploads\/2021\/01\/97506827_s.jpg\" class=\"elementor-animation-grow attachment-large size-large\" alt=\"\" srcset=\"https:\/\/vozdacrianca.cv\/wp-content\/uploads\/2021\/01\/97506827_s.jpg 881w, https:\/\/vozdacrianca.cv\/wp-content\/uploads\/2021\/01\/97506827_s-300x185.jpg 300w, https:\/\/vozdacrianca.cv\/wp-content\/uploads\/2021\/01\/97506827_s-768x474.jpg 768w, https:\/\/vozdacrianca.cv\/wp-content\/uploads\/2021\/01\/97506827_s-16x10.jpg 16w, https:\/\/vozdacrianca.cv\/wp-content\/uploads\/2021\/01\/97506827_s-24x15.jpg 24w, https:\/\/vozdacrianca.cv\/wp-content\/uploads\/2021\/01\/97506827_s-36x22.jpg 36w, https:\/\/vozdacrianca.cv\/wp-content\/uploads\/2021\/01\/97506827_s-48x30.jpg 48w\" sizes=\"auto, (max-width: 881px) 100vw, 881px\" \/>\t\t\t\t\t\t\t\t\t\t\t<\/div>\n\t\t\t\t<\/div>\n\t\t\t\t<\/div>\n\t\t\t\t\t\t<\/div>\n\t\t\t\t\t<\/div>\n\t\t<\/div>\n\t\t\t\t<div class=\"elementor-column elementor-col-33 elementor-top-column elementor-element elementor-element-4a3e73c4\" data-id=\"4a3e73c4\" data-element_type=\"column\">\n\t\t\t<div class=\"elementor-column-wrap elementor-element-populated\">\n\t\t\t\t\t\t\t<div class=\"elementor-widget-wrap\">\n\t\t\t\t\t\t<div class=\"elementor-element elementor-element-d5d249b elementor-widget elementor-widget-text-editor\" data-id=\"d5d249b\" data-element_type=\"widget\" data-widget_type=\"text-editor.default\">\n\t\t\t\t<div class=\"elementor-widget-container\">\n\t\t\t\t\t<div class=\"elementor-text-editor elementor-clearfix\"><p><strong>As institui\u00e7\u00f5es municipais e eclesi\u00e1sticas precisam de ser apoiadas, estamos a oferecer a nossa ajuda para os mais necessitados da nossa sociedade.\u00a0A nossa iniciativa de construir um lar infantil tem sido apoiada por doa\u00e7\u00f5es privadas da Su\u00ed\u00e7a, It\u00e1lia, Portugal e por pessoas locais, que ofereceram a sua ajuda de forma volunt\u00e1ria e gratuita. Temos a forte convic\u00e7\u00e3o de que este projeto vai se tornar imprescind\u00edvel para a ilha de Santo Ant\u00e3o e seus filhos mais necessitados.<\/strong><\/p><\/div>\n\t\t\t\t<\/div>\n\t\t\t\t<\/div>\n\t\t\t\t\t\t<\/div>\n\t\t\t\t\t<\/div>\n\t\t<\/div>\n\t\t\t\t\t\t\t\t<\/div>\n\t\t\t\t\t<\/div>\n\t\t<\/section>\n\t\t\t\t<section class=\"elementor-section elementor-top-section elementor-element elementor-element-2ffe6cf elementor-section-content-middle elementor-section-boxed elementor-section-height-default elementor-section-height-default\" data-id=\"2ffe6cf\" data-element_type=\"section\">\n\t\t\t\t\t\t<div class=\"elementor-container elementor-column-gap-no\">\n\t\t\t\t\t\t\t<div class=\"elementor-row\">\n\t\t\t\t\t<div class=\"elementor-column elementor-col-33 elementor-top-column elementor-element elementor-element-c88ba74\" data-id=\"c88ba74\" data-element_type=\"column\">\n\t\t\t<div class=\"elementor-column-wrap elementor-element-populated\">\n\t\t\t\t\t\t\t<div class=\"elementor-widget-wrap\">\n\t\t\t\t\t\t<div class=\"elementor-element elementor-element-4afe09a elementor-widget elementor-widget-image\" data-id=\"4afe09a\" data-element_type=\"widget\" data-widget_type=\"image.default\">\n\t\t\t\t<div class=\"elementor-widget-container\">\n\t\t\t\t\t<div class=\"elementor-image\">\n\t\t\t\t\t\t\t\t\t\t<img loading=\"lazy\" decoding=\"async\" width=\"613\" height=\"455\" src=\"https:\/\/vozdacrianca.cv\/wp-content\/uploads\/2020\/12\/2.jpg\" class=\"elementor-animation-grow attachment-large size-large\" alt=\"\" srcset=\"https:\/\/vozdacrianca.cv\/wp-content\/uploads\/2020\/12\/2.jpg 613w, https:\/\/vozdacrianca.cv\/wp-content\/uploads\/2020\/12\/2-300x223.jpg 300w\" sizes=\"auto, (max-width: 613px) 100vw, 613px\" \/>\t\t\t\t\t\t\t\t\t\t\t<\/div>\n\t\t\t\t<\/div>\n\t\t\t\t<\/div>\n\t\t\t\t\t\t<\/div>\n\t\t\t\t\t<\/div>\n\t\t<\/div>\n\t\t\t\t<div class=\"elementor-column elementor-col-33 elementor-top-column elementor-element elementor-element-e7b0540\" data-id=\"e7b0540\" data-element_type=\"column\">\n\t\t\t<div class=\"elementor-column-wrap elementor-element-populated\">\n\t\t\t\t\t\t\t<div class=\"elementor-widget-wrap\">\n\t\t\t\t\t\t<div class=\"elementor-element elementor-element-1fdb5f9 elementor-widget elementor-widget-text-editor\" data-id=\"1fdb5f9\" data-element_type=\"widget\" data-widget_type=\"text-editor.default\">\n\t\t\t\t<div class=\"elementor-widget-container\">\n\t\t\t\t\t<div class=\"elementor-text-editor elementor-clearfix\"><p><strong>Somos uma organiza\u00e7\u00e3o sem fins lucrativos com sede em Porto Novo na ilha de Santo Ant\u00e3o, Cabo Verde. Nosso escopo \u00e9 a constru\u00e7\u00e3o e opera\u00e7\u00e3o de um lar para crian\u00e7as \u00f3rf\u00e3os e carenciadas, a fim de oferecer-lhes novas perspectivas para um futuro melhor e uma vida com dignidade. Tendo em conta \u00a0que a problematica das crian\u00e7as \u00f3rf\u00e3os e crian\u00e7as que est\u00e3o em situa\u00e7\u00f5es dif\u00edceis no concelho do Porto Novo, nomeadamente na pequena cidade de Porto Novo com cerca de 7000 habitantes \u00e9 grave, como em outras ilhas de Cabo Verde.\u00a0<\/strong><\/p><\/div>\n\t\t\t\t<\/div>\n\t\t\t\t<\/div>\n\t\t\t\t\t\t<\/div>\n\t\t\t\t\t<\/div>\n\t\t<\/div>\n\t\t\t\t<div class=\"elementor-column elementor-col-33 elementor-top-column elementor-element elementor-element-1f713e6\" data-id=\"1f713e6\" data-element_type=\"column\">\n\t\t\t<div class=\"elementor-column-wrap elementor-element-populated\">\n\t\t\t\t\t\t\t<div class=\"elementor-widget-wrap\">\n\t\t\t\t\t\t<div class=\"elementor-element elementor-element-23b5429 elementor-widget elementor-widget-image\" data-id=\"23b5429\" data-element_type=\"widget\" data-widget_type=\"image.default\">\n\t\t\t\t<div class=\"elementor-widget-container\">\n\t\t\t\t\t<div class=\"elementor-image\">\n\t\t\t\t\t\t\t\t\t\t<img loading=\"lazy\" decoding=\"async\" width=\"960\" height=\"1024\" src=\"https:\/\/vozdacrianca.cv\/wp-content\/uploads\/2021\/02\/kids-bufly-01-960x1024.jpg\" class=\"elementor-animation-grow attachment-large size-large\" alt=\"\" srcset=\"https:\/\/vozdacrianca.cv\/wp-content\/uploads\/2021\/02\/kids-bufly-01-960x1024.jpg 960w, https:\/\/vozdacrianca.cv\/wp-content\/uploads\/2021\/02\/kids-bufly-01-281x300.jpg 281w, https:\/\/vozdacrianca.cv\/wp-content\/uploads\/2021\/02\/kids-bufly-01-768x820.jpg 768w, https:\/\/vozdacrianca.cv\/wp-content\/uploads\/2021\/02\/kids-bufly-01-11x12.jpg 11w, https:\/\/vozdacrianca.cv\/wp-content\/uploads\/2021\/02\/kids-bufly-01-22x24.jpg 22w, https:\/\/vozdacrianca.cv\/wp-content\/uploads\/2021\/02\/kids-bufly-01-34x36.jpg 34w, https:\/\/vozdacrianca.cv\/wp-content\/uploads\/2021\/02\/kids-bufly-01-45x48.jpg 45w, https:\/\/vozdacrianca.cv\/wp-content\/uploads\/2021\/02\/kids-bufly-01.jpg 1371w\" sizes=\"auto, (max-width: 960px) 100vw, 960px\" \/>\t\t\t\t\t\t\t\t\t\t\t<\/div>\n\t\t\t\t<\/div>\n\t\t\t\t<\/div>\n\t\t\t\t\t\t<\/div>\n\t\t\t\t\t<\/div>\n\t\t<\/div>\n\t\t\t\t\t\t\t\t<\/div>\n\t\t\t\t\t<\/div>\n\t\t<\/section>\n\t\t\t\t<section class=\"elementor-section elementor-top-section elementor-element elementor-element-375a23cc elementor-section-stretched elementor-section-boxed elementor-section-height-default elementor-section-height-default\" data-id=\"375a23cc\" data-element_type=\"section\" data-settings=\"{&quot;stretch_section&quot;:&quot;section-stretched&quot;}\">\n\t\t\t\t\t\t<div class=\"elementor-container elementor-column-gap-no\">\n\t\t\t\t\t\t\t<div class=\"elementor-row\">\n\t\t\t\t\t<div class=\"elementor-column elementor-col-100 elementor-top-column elementor-element elementor-element-734520d\" data-id=\"734520d\" data-element_type=\"column\">\n\t\t\t<div class=\"elementor-column-wrap elementor-element-populated\">\n\t\t\t\t\t\t\t<div class=\"elementor-widget-wrap\">\n\t\t\t\t\t\t<div class=\"elementor-element elementor-element-993a192 elementor-widget elementor-widget-image-gallery\" data-id=\"993a192\" data-element_type=\"widget\" data-widget_type=\"image-gallery.default\">\n\t\t\t\t<div class=\"elementor-widget-container\">\n\t\t\t\t\t<div class=\"elementor-image-gallery\">\n\t\t\t<div id='gallery-1' class='gallery galleryid-30 gallery-columns-3 gallery-size-medium_large'><figure class='gallery-item'>\n\t\t\t<div class='gallery-icon landscape'>\n\t\t\t\t<a data-elementor-open-lightbox=\"yes\" data-elementor-lightbox-slideshow=\"993a192\" data-elementor-lightbox-title=\"4\" href='https:\/\/vozdacrianca.cv\/wp-content\/uploads\/2020\/10\/4-1.jpg'><img loading=\"lazy\" decoding=\"async\" width=\"768\" height=\"432\" src=\"https:\/\/vozdacrianca.cv\/wp-content\/uploads\/2020\/10\/4-1-768x432.jpg\" class=\"attachment-medium_large size-medium_large\" alt=\"\" srcset=\"https:\/\/vozdacrianca.cv\/wp-content\/uploads\/2020\/10\/4-1-768x432.jpg 768w, https:\/\/vozdacrianca.cv\/wp-content\/uploads\/2020\/10\/4-1-300x169.jpg 300w, https:\/\/vozdacrianca.cv\/wp-content\/uploads\/2020\/10\/4-1-1024x576.jpg 1024w, https:\/\/vozdacrianca.cv\/wp-content\/uploads\/2020\/10\/4-1.jpg 1280w\" sizes=\"auto, (max-width: 768px) 100vw, 768px\" \/><\/a>\n\t\t\t<\/div><\/figure><figure class='gallery-item'>\n\t\t\t<div class='gallery-icon landscape'>\n\t\t\t\t<a data-elementor-open-lightbox=\"yes\" data-elementor-lightbox-slideshow=\"993a192\" data-elementor-lightbox-title=\"6\" href='https:\/\/vozdacrianca.cv\/wp-content\/uploads\/2020\/10\/6-1.jpg'><img loading=\"lazy\" decoding=\"async\" width=\"768\" height=\"432\" src=\"https:\/\/vozdacrianca.cv\/wp-content\/uploads\/2020\/10\/6-1-768x432.jpg\" class=\"attachment-medium_large size-medium_large\" alt=\"\" srcset=\"https:\/\/vozdacrianca.cv\/wp-content\/uploads\/2020\/10\/6-1-768x432.jpg 768w, https:\/\/vozdacrianca.cv\/wp-content\/uploads\/2020\/10\/6-1-300x169.jpg 300w, https:\/\/vozdacrianca.cv\/wp-content\/uploads\/2020\/10\/6-1-1024x576.jpg 1024w, https:\/\/vozdacrianca.cv\/wp-content\/uploads\/2020\/10\/6-1.jpg 1280w\" sizes=\"auto, (max-width: 768px) 100vw, 768px\" \/><\/a>\n\t\t\t<\/div><\/figure><figure class='gallery-item'>\n\t\t\t<div class='gallery-icon landscape'>\n\t\t\t\t<a data-elementor-open-lightbox=\"yes\" data-elementor-lightbox-slideshow=\"993a192\" data-elementor-lightbox-title=\"2\" href='https:\/\/vozdacrianca.cv\/wp-content\/uploads\/2020\/10\/2-2.jpg'><img loading=\"lazy\" decoding=\"async\" width=\"768\" height=\"432\" src=\"https:\/\/vozdacrianca.cv\/wp-content\/uploads\/2020\/10\/2-2-768x432.jpg\" class=\"attachment-medium_large size-medium_large\" alt=\"\" srcset=\"https:\/\/vozdacrianca.cv\/wp-content\/uploads\/2020\/10\/2-2-768x432.jpg 768w, https:\/\/vozdacrianca.cv\/wp-content\/uploads\/2020\/10\/2-2-300x169.jpg 300w, https:\/\/vozdacrianca.cv\/wp-content\/uploads\/2020\/10\/2-2-1024x576.jpg 1024w, https:\/\/vozdacrianca.cv\/wp-content\/uploads\/2020\/10\/2-2.jpg 1280w\" sizes=\"auto, (max-width: 768px) 100vw, 768px\" \/><\/a>\n\t\t\t<\/div><\/figure>\n\t\t<\/div>\n\t\t<\/div>\n\t\t\t\t<\/div>\n\t\t\t\t<\/div>\n\t\t\t\t\t\t<\/div>\n\t\t\t\t\t<\/div>\n\t\t<\/div>\n\t\t\t\t\t\t\t\t<\/div>\n\t\t\t\t\t<\/div>\n\t\t<\/section>\n\t\t\t\t<section class=\"elementor-section elementor-top-section elementor-element elementor-element-5d7fb5da elementor-section-full_width elementor-section-height-min-height elementor-section-stretched elementor-section-height-default elementor-section-items-middle\" data-id=\"5d7fb5da\" data-element_type=\"section\" data-settings=\"{&quot;stretch_section&quot;:&quot;section-stretched&quot;,&quot;background_background&quot;:&quot;classic&quot;,&quot;shape_divider_top&quot;:&quot;clouds&quot;,&quot;shape_divider_top_negative&quot;:&quot;yes&quot;}\">\n\t\t\t\t\t<div class=\"elementor-shape elementor-shape-top\" data-negative=\"true\">\n\t\t\t<svg xmlns=\"http:\/\/www.w3.org\/2000\/svg\" viewBox=\"0 0 283.5 27.8\" preserveAspectRatio=\"xMidYMax slice\">\n\t<path class=\"elementor-shape-fill\" d=\"M265.8 3.5c-10.9 0-15.9 6.2-15.9 6.2s-3.6-3.5-9.2-.9c-9.1 4.1-4.4 13.4-4.4 13.4s-1.2.2-1.9.9c-.6.7-.5 1.9-.5 1.9s-1-.5-2.3-.2c-1.3.3-1.6 1.4-1.6 1.4s.4-3.4-1.5-5c-3.9-3.4-8.3-.2-8.3-.2s-.6-.7-.9-.9c-.4-.2-1.2-.2-1.2-.2s-4.4-3.6-11.5-2.6-10.4 7.9-10.4 7.9-.5-3.3-3.9-4.9c-4.8-2.4-7.4 0-7.4 0s2.4-4.1-1.9-6.4-6.2 1.2-6.2 1.2-.9-.5-2.1-.5-2.3 1.1-2.3 1.1.1-.7-1.1-1.1c-1.2-.4-2 0-2 0s3.6-6.8-3.5-8.9c-6-1.8-7.9 2.6-8.4 4-.1-.3-.4-.7-.9-1.1-1-.7-1.3-.5-1.3-.5s1-4-1.7-5.2c-2.7-1.2-4.2 1.1-4.2 1.1s-3.1-1-5.7 1.4-2.1 5.5-2.1 5.5-.9 0-2.1.7-1.4 1.7-1.4 1.7-1.7-1.2-4.3-1.2c-2.6 0-4.5 1.2-4.5 1.2s-.7-1.5-2.8-2.4c-2.1-.9-4 0-4 0s2.6-5.9-4.7-9c-7.3-3.1-12.6 3.3-12.6 3.3s-.9 0-1.9.2c-.9.2-1.5.9-1.5.9S99.4 3 94.9 3.9c-4.5.9-5.7 5.7-5.7 5.7s-2.8-5-12.3-3.9-11.1 6-11.1 6-1.2-1.4-4-.7c-.8.2-1.3.5-1.8.9-.9-2.1-2.7-4.9-6.2-4.4-3.2.4-4 2.2-4 2.2s-.5-.7-1.2-.7h-1.4s-.5-.9-1.7-1.4-2.4 0-2.4 0-2.4-1.2-4.7 0-3.1 4.1-3.1 4.1-1.7-1.4-3.6-.7c-1.9.7-1.9 2.8-1.9 2.8s-.5-.5-1.7-.2c-1.2.2-1.4.7-1.4.7s-.7-2.3-2.8-2.8c-2.1-.5-4.3.2-4.3.2s-1.7-5-11.1-6c-3.8-.4-6.6.2-8.5 1v21.2h283.5V11.1c-.9.2-1.6.4-1.6.4s-5.2-8-16.1-8z\"\/>\n<\/svg>\n\t\t<\/div>\n\t\t\t\t\t<div class=\"elementor-container elementor-column-gap-default\">\n\t\t\t\t\t\t\t<div class=\"elementor-row\">\n\t\t\t\t\t<div class=\"elementor-column elementor-col-100 elementor-top-column elementor-element elementor-element-af5017f\" data-id=\"af5017f\" data-element_type=\"column\">\n\t\t\t<div class=\"elementor-column-wrap elementor-element-populated\">\n\t\t\t\t\t\t\t<div class=\"elementor-widget-wrap\">\n\t\t\t\t\t\t<div class=\"elementor-element elementor-element-38d27b5 elementor-widget elementor-widget-heading\" data-id=\"38d27b5\" data-element_type=\"widget\" data-widget_type=\"heading.default\">\n\t\t\t\t<div class=\"elementor-widget-container\">\n\t\t\t<h2 class=\"elementor-heading-title elementor-size-default\">.<\/h2>\t\t<\/div>\n\t\t\t\t<\/div>\n\t\t\t\t<div class=\"elementor-element elementor-element-ddacd21 elementor-shape-rounded elementor-grid-0 elementor-widget elementor-widget-social-icons\" data-id=\"ddacd21\" data-element_type=\"widget\" data-widget_type=\"social-icons.default\">\n\t\t\t\t<div class=\"elementor-widget-container\">\n\t\t\t\t\t<div class=\"elementor-social-icons-wrapper elementor-grid\">\n\t\t\t\t\t\t\t<div class=\"elementor-grid-item\">\n\t\t\t\t\t<a class=\"elementor-icon elementor-social-icon elementor-social-icon-facebook elementor-repeater-item-620dcd8\" href=\"https:\/\/www.facebook.com\/people\/Associa%C3%A7%C3%A3o-Voz-de-Crian%C3%A7a\/100010765967609\" target=\"_blank\">\n\t\t\t\t\t\t<span class=\"elementor-screen-only\">Facebook<\/span>\n\t\t\t\t\t\t<i class=\"fab fa-facebook\"><\/i>\t\t\t\t\t<\/a>\n\t\t\t\t<\/div>\n\t\t\t\t\t\t\t<div class=\"elementor-grid-item\">\n\t\t\t\t\t<a class=\"elementor-icon elementor-social-icon elementor-social-icon-twitter elementor-repeater-item-7b93bd8\" target=\"_blank\">\n\t\t\t\t\t\t<span class=\"elementor-screen-only\">Twitter<\/span>\n\t\t\t\t\t\t<i class=\"fab fa-twitter\"><\/i>\t\t\t\t\t<\/a>\n\t\t\t\t<\/div>\n\t\t\t\t\t<\/div>\n\t\t\t\t<\/div>\n\t\t\t\t<\/div>\n\t\t\t\t\t\t<\/div>\n\t\t\t\t\t<\/div>\n\t\t<\/div>\n\t\t\t\t\t\t\t\t<\/div>\n\t\t\t\t\t<\/div>\n\t\t<\/section>\n\t\t\t\t\t\t<\/div>\n\t\t\t\t\t\t<\/div>\n\t\t\t\t\t<\/div>\n\t\t","protected":false},"excerpt":{"rendered":"<p>Bem-vindo ao site voz da crian\u00e7a o projeto social na ilha de Santo Ant\u00e3o As institui\u00e7\u00f5es municipais e eclesi\u00e1sticas precisam de ser apoiadas, estamos a oferecer a nossa ajuda para os mais necessitados da nossa sociedade.&nbsp;A nossa iniciativa de construir um lar infantil tem sido apoiada por doa\u00e7\u00f5es privadas da Su\u00ed\u00e7a, It\u00e1lia, Portugal e por [&hellip;]<\/p>\n","protected":false},"author":1,"featured_media":0,"parent":0,"menu_order":0,"comment_status":"closed","ping_status":"closed","template":"","meta":{"footnotes":""},"class_list":["post-30","page","type-page","status-publish","hentry","entry"],"_links":{"self":[{"href":"https:\/\/vozdacrianca.cv\/pt_pt\/wp-json\/wp\/v2\/pages\/30","targetHints":{"allow":["GET"]}}],"collection":[{"href":"https:\/\/vozdacrianca.cv\/pt_pt\/wp-json\/wp\/v2\/pages"}],"about":[{"href":"https:\/\/vozdacrianca.cv\/pt_pt\/wp-json\/wp\/v2\/types\/page"}],"author":[{"embeddable":true,"href":"https:\/\/vozdacrianca.cv\/pt_pt\/wp-json\/wp\/v2\/users\/1"}],"replies":[{"embeddable":true,"href":"https:\/\/vozdacrianca.cv\/pt_pt\/wp-json\/wp\/v2\/comments?post=30"}],"version-history":[{"count":341,"href":"https:\/\/vozdacrianca.cv\/pt_pt\/wp-json\/wp\/v2\/pages\/30\/revisions"}],"predecessor-version":[{"id":1639,"href":"https:\/\/vozdacrianca.cv\/pt_pt\/wp-json\/wp\/v2\/pages\/30\/revisions\/1639"}],"wp:attachment":[{"href":"https:\/\/vozdacrianca.cv\/pt_pt\/wp-json\/wp\/v2\/media?parent=30"}],"curies":[{"name":"wp","href":"https:\/\/api.w.org\/{rel}","templated":true}]}}